{"id":1167,"date":"2019-06-27T06:39:44","date_gmt":"2019-06-27T09:39:44","guid":{"rendered":"https:\/\/veracejundiai.com.br\/cantina\/?page_id=1167"},"modified":"2024-04-29T08:39:04","modified_gmt":"2024-04-29T11:39:04","slug":"contato","status":"publish","type":"page","link":"https:\/\/veracejundiai.com.br\/cantina\/contato\/","title":{"rendered":"Contato"},"content":{"rendered":"\t\t<div data-elementor-type=\"wp-post\" data-elementor-id=\"1167\" class=\"elementor elementor-1167\">\n\t\t\t\t\t\t<section class=\"elementor-section elementor-top-section elementor-element elementor-element-f12906d elementor-section-boxed elementor-section-height-default elementor-section-height-default\" data-id=\"f12906d\" data-element_type=\"section\">\n\t\t\t\t\t\t<div class=\"elementor-container elementor-column-gap-default\">\n\t\t\t\t\t<div class=\"elementor-column elementor-col-50 elementor-top-column elementor-element elementor-element-bda298a\" data-id=\"bda298a\" data-element_type=\"column\">\n\t\t\t<div class=\"elementor-widget-wrap elementor-element-populated\">\n\t\t\t\t\t\t<div class=\"elementor-element elementor-element-0e3e269 elementor-widget elementor-widget-heading\" data-id=\"0e3e269\" data-element_type=\"widget\" data-widget_type=\"heading.default\">\n\t\t\t\t<div class=\"elementor-widget-container\">\n\t\t\t\t\t<h2 class=\"elementor-heading-title elementor-size-default\">Fale Conosco<\/h2>\t\t\t\t<\/div>\n\t\t\t\t<\/div>\n\t\t\t\t<div class=\"elementor-element elementor-element-877ac57 elementor-widget elementor-widget-form\" data-id=\"877ac57\" data-element_type=\"widget\" data-widget_type=\"form.default\">\n\t\t\t\t<div class=\"elementor-widget-container\">\n\t\t\t\t\t \t\t\t\t<\/div>\n\t\t\t\t<\/div>\n\t\t\t\t\t<\/div>\n\t\t<\/div>\n\t\t\t\t<div class=\"elementor-column elementor-col-50 elementor-top-column elementor-element elementor-element-23a15e6\" data-id=\"23a15e6\" data-element_type=\"column\">\n\t\t\t<div class=\"elementor-widget-wrap elementor-element-populated\">\n\t\t\t\t\t\t<div class=\"elementor-element elementor-element-419c592 elementor-widget elementor-widget-google_maps\" data-id=\"419c592\" data-element_type=\"widget\" data-widget_type=\"google_maps.default\">\n\t\t\t\t<div class=\"elementor-widget-container\">\n\t\t\t\t\t\t\t<div class=\"elementor-custom-embed\">\n\t\t\t<iframe loading=\"lazy\"\n\t\t\t\t\tsrc=\"https:\/\/maps.google.com\/maps?q=Verace%20cCantina%20Rua%20Prof.%20Jo%C3%A3o%20Batista%20Curado%20-%20Beco%20Fino%20-%20Anhagaba%C3%BA%20-%20Jundia%C3%AD%20-%20SP&#038;t=m&#038;z=16&#038;output=embed&#038;iwloc=near\"\n\t\t\t\t\ttitle=\"Verace cCantina Rua Prof. Jo\u00e3o Batista Curado - Beco Fino - Anhagaba\u00fa - Jundia\u00ed - SP\"\n\t\t\t\t\taria-label=\"Verace cCantina Rua Prof. Jo\u00e3o Batista Curado - Beco Fino - Anhagaba\u00fa - Jundia\u00ed - SP\"\n\t\t\t><\/iframe>\n\t\t<\/div>\n\t\t\t\t\t\t<\/div>\n\t\t\t\t<\/div>\n\t\t\t\t\t<\/div>\n\t\t<\/div>\n\t\t\t\t\t<\/div>\n\t\t<\/section>\n\t\t\t\t<section class=\"elementor-section elementor-top-section elementor-element elementor-element-d3ed949 elementor-section-boxed elementor-section-height-default elementor-section-height-default\" data-id=\"d3ed949\" data-element_type=\"section\" data-settings=\"{&quot;background_background&quot;:&quot;classic&quot;}\">\n\t\t\t\t\t\t\t<div class=\"elementor-background-overlay\"><\/div>\n\t\t\t\t\t\t\t<div class=\"elementor-container elementor-column-gap-default\">\n\t\t\t\t\t<div class=\"elementor-column elementor-col-50 elementor-top-column elementor-element elementor-element-482af3f1\" data-id=\"482af3f1\" data-element_type=\"column\" data-settings=\"{&quot;background_background&quot;:&quot;classic&quot;}\">\n\t\t\t<div class=\"elementor-widget-wrap elementor-element-populated\">\n\t\t\t\t\t\t<div class=\"elementor-element elementor-element-bf71c69 elementor-widget elementor-widget-heading\" data-id=\"bf71c69\" data-element_type=\"widget\" data-widget_type=\"heading.default\">\n\t\t\t\t<div class=\"elementor-widget-container\">\n\t\t\t\t\t<h3 class=\"elementor-heading-title elementor-size-default\">Contato<\/h3>\t\t\t\t<\/div>\n\t\t\t\t<\/div>\n\t\t\t\t<div class=\"elementor-element elementor-element-55415c06 elementor-align-center elementor-icon-list--layout-traditional elementor-list-item-link-full_width elementor-widget elementor-widget-icon-list\" data-id=\"55415c06\" data-element_type=\"widget\" data-widget_type=\"icon-list.default\">\n\t\t\t\t<div class=\"elementor-widget-container\">\n\t\t\t\t\t\t\t<ul class=\"elementor-icon-list-items\">\n\t\t\t\t\t\t\t<li class=\"elementor-icon-list-item\">\n\t\t\t\t\t\t\t\t\t\t\t<span class=\"elementor-icon-list-icon\">\n\t\t\t\t\t\t\t<i aria-hidden=\"true\" class=\"fasicon icon-phone2\"><\/i>\t\t\t\t\t\t<\/span>\n\t\t\t\t\t\t\t\t\t\t<span class=\"elementor-icon-list-text\">(11) 4521 - 3777<\/span>\n\t\t\t\t\t\t\t\t\t<\/li>\n\t\t\t\t\t\t<\/ul>\n\t\t\t\t\t\t<\/div>\n\t\t\t\t<\/div>\n\t\t\t\t<div class=\"elementor-element elementor-element-57ace738 elementor-widget elementor-widget-text-editor\" data-id=\"57ace738\" data-element_type=\"widget\" data-widget_type=\"text-editor.default\">\n\t\t\t\t<div class=\"elementor-widget-container\">\n\t\t\t\t\t\t\t\t\tWhatsApp: <a href=\"https:\/\/api.whatsapp.com\/send?phone=551145213777\">(11) 4521-3777<\/a><br>\nE-mail: contato@veracejundiai.com.br\t\t\t\t\t\t\t\t<\/div>\n\t\t\t\t<\/div>\n\t\t\t\t<div class=\"elementor-element elementor-element-3a9d30b6 elementor-align-center elementor-widget elementor-widget-button\" data-id=\"3a9d30b6\" data-element_type=\"widget\" data-widget_type=\"button.default\">\n\t\t\t\t<div class=\"elementor-widget-container\">\n\t\t\t\t\t\t\t\t\t<div class=\"elementor-button-wrapper\">\n\t\t\t\t\t<a class=\"elementor-button elementor-button-link elementor-size-sm\" href=\"https:\/\/api.whatsapp.com\/send?phone=551145213777\" target=\"_blank\">\n\t\t\t\t\t\t<span class=\"elementor-button-content-wrapper\">\n\t\t\t\t\t\t\t\t\t<span class=\"elementor-button-text\">Fa\u00e7a sua reserva<\/span>\n\t\t\t\t\t<\/span>\n\t\t\t\t\t<\/a>\n\t\t\t\t<\/div>\n\t\t\t\t\t\t\t\t<\/div>\n\t\t\t\t<\/div>\n\t\t\t\t<div class=\"elementor-element elementor-element-7601b74 elementor-widget elementor-widget-image\" data-id=\"7601b74\" data-element_type=\"widget\" data-widget_type=\"image.default\">\n\t\t\t\t<div class=\"elementor-widget-container\">\n\t\t\t\t\t\t\t\t\t\t\t\t\t\t\t<img decoding=\"async\" width=\"77\" height=\"77\" src=\"https:\/\/veracejundiai.com.br\/cantina\/wp-content\/uploads\/sites\/3\/2022\/01\/mapPinCantina.png\" class=\"attachment-large size-large wp-image-1620\" alt=\"\" \/>\t\t\t\t\t\t\t\t\t\t\t\t\t\t\t<\/div>\n\t\t\t\t<\/div>\n\t\t\t\t<div class=\"elementor-element elementor-element-1029b8bc elementor-widget elementor-widget-heading\" data-id=\"1029b8bc\" data-element_type=\"widget\" data-widget_type=\"heading.default\">\n\t\t\t\t<div class=\"elementor-widget-container\">\n\t\t\t\t\t<h3 class=\"elementor-heading-title elementor-size-default\">Endere\u00e7o<\/h3>\t\t\t\t<\/div>\n\t\t\t\t<\/div>\n\t\t\t\t<div class=\"elementor-element elementor-element-541e591c elementor-widget elementor-widget-text-editor\" data-id=\"541e591c\" data-element_type=\"widget\" data-widget_type=\"text-editor.default\">\n\t\t\t\t<div class=\"elementor-widget-container\">\n\t\t\t\t\t\t\t\t\t<p>Rua Prof. Jo\u00e3o Batista Curado 80 &#8211; <br>Beco Fino &#8211; Anhagaba\u00fa &#8211; Jundia\u00ed &#8211; SP<\/p>\t\t\t\t\t\t\t\t<\/div>\n\t\t\t\t<\/div>\n\t\t\t\t<div class=\"elementor-element elementor-element-d61fc91 elementor-align-center elementor-widget elementor-widget-button\" data-id=\"d61fc91\" data-element_type=\"widget\" data-widget_type=\"button.default\">\n\t\t\t\t<div class=\"elementor-widget-container\">\n\t\t\t\t\t\t\t\t\t<div class=\"elementor-button-wrapper\">\n\t\t\t\t\t<a class=\"elementor-button elementor-button-link elementor-size-md\" href=\"https:\/\/www.google.com\/maps\/place\/Verace+Cantina+e+Pizzeria+Italiana\/@-23.1882174,-46.894825,17.75z\/data=!4m5!3m4!1s0x0:0xb2f402f425834452!8m2!3d-23.1879558!4d-46.8937572\" target=\"_blank\">\n\t\t\t\t\t\t<span class=\"elementor-button-content-wrapper\">\n\t\t\t\t\t\t\t\t\t<span class=\"elementor-button-text\">ver no mapa<\/span>\n\t\t\t\t\t<\/span>\n\t\t\t\t\t<\/a>\n\t\t\t\t<\/div>\n\t\t\t\t\t\t\t\t<\/div>\n\t\t\t\t<\/div>\n\t\t\t\t\t<\/div>\n\t\t<\/div>\n\t\t\t\t<div class=\"elementor-column elementor-col-50 elementor-top-column elementor-element elementor-element-179a240a\" data-id=\"179a240a\" data-element_type=\"column\" data-settings=\"{&quot;background_background&quot;:&quot;classic&quot;}\">\n\t\t\t<div class=\"elementor-widget-wrap elementor-element-populated\">\n\t\t\t\t\t\t<div class=\"elementor-element elementor-element-53e09fe1 elementor-widget elementor-widget-heading\" data-id=\"53e09fe1\" data-element_type=\"widget\" data-widget_type=\"heading.default\">\n\t\t\t\t<div class=\"elementor-widget-container\">\n\t\t\t\t\t<h3 class=\"elementor-heading-title elementor-size-default\">Hor\u00e1rio de Funcionamento<\/h3>\t\t\t\t<\/div>\n\t\t\t\t<\/div>\n\t\t\t\t<section class=\"elementor-section elementor-inner-section elementor-element elementor-element-26493e89 elementor-hidden-mobile elementor-section-boxed elementor-section-height-default elementor-section-height-default\" data-id=\"26493e89\" data-element_type=\"section\">\n\t\t\t\t\t\t<div class=\"elementor-container elementor-column-gap-default\">\n\t\t\t\t\t<div class=\"elementor-column elementor-col-50 elementor-inner-column elementor-element elementor-element-60f65aa4\" data-id=\"60f65aa4\" data-element_type=\"column\">\n\t\t\t<div class=\"elementor-widget-wrap elementor-element-populated\">\n\t\t\t\t\t\t<div class=\"elementor-element elementor-element-6541f81 elementor-widget elementor-widget-text-editor\" data-id=\"6541f81\" data-element_type=\"widget\" data-widget_type=\"text-editor.default\">\n\t\t\t\t<div class=\"elementor-widget-container\">\n\t\t\t\t\t\t\t\t\tSegunda-feira<br><br>\nTer\u00e7a-feira<br><br><br>\nQuarta-feira<br><br><br>\nQuinta-feira<br><br><br>\nSexta-feira<br><br><br>\nS\u00e1bado<br><br><br>\nDomingo\t\t\t\t\t\t\t\t<\/div>\n\t\t\t\t<\/div>\n\t\t\t\t\t<\/div>\n\t\t<\/div>\n\t\t\t\t<div class=\"elementor-column elementor-col-50 elementor-inner-column elementor-element elementor-element-36c3bef3\" data-id=\"36c3bef3\" data-element_type=\"column\">\n\t\t\t<div class=\"elementor-widget-wrap elementor-element-populated\">\n\t\t\t\t\t\t<div class=\"elementor-element elementor-element-48bc3ee8 elementor-widget elementor-widget-text-editor\" data-id=\"48bc3ee8\" data-element_type=\"widget\" data-widget_type=\"text-editor.default\">\n\t\t\t\t<div class=\"elementor-widget-container\">\n\t\t\t\t\t\t\t\t\t<p>18:00 \u2013 23:00<\/p><p>11:00 \u2013 15:00<br \/>18:00 \u2013 23:00<\/p><p>11:00 \u2013 15:00<br \/>18:00 \u2013 23:00<\/p><p>11:00 \u2013 15:00<br \/>18:00 \u2013 23:00<\/p><p>11:00 \u2013 15:00<br \/>18:00 \u2013 00:00<\/p><p>11:00 \u2013 15:30<br \/>18:00 \u2013 00:00<\/p><p>11:00 \u2013 15:30<br \/>18:00 \u2013 23:00<\/p>\t\t\t\t\t\t\t\t<\/div>\n\t\t\t\t<\/div>\n\t\t\t\t\t<\/div>\n\t\t<\/div>\n\t\t\t\t\t<\/div>\n\t\t<\/section>\n\t\t\t\t<section class=\"elementor-section elementor-inner-section elementor-element elementor-element-38126a4a elementor-hidden-desktop elementor-hidden-tablet elementor-section-boxed elementor-section-height-default elementor-section-height-default\" data-id=\"38126a4a\" data-element_type=\"section\">\n\t\t\t\t\t\t<div class=\"elementor-container elementor-column-gap-default\">\n\t\t\t\t\t<div class=\"elementor-column elementor-col-50 elementor-inner-column elementor-element elementor-element-48ea960e\" data-id=\"48ea960e\" data-element_type=\"column\">\n\t\t\t<div class=\"elementor-widget-wrap elementor-element-populated\">\n\t\t\t\t\t\t<div class=\"elementor-element elementor-element-62af9fa0 elementor-widget elementor-widget-text-editor\" data-id=\"62af9fa0\" data-element_type=\"widget\" data-widget_type=\"text-editor.default\">\n\t\t\t\t<div class=\"elementor-widget-container\">\n\t\t\t\t\t\t\t\t\t<p>Segunda-feira<\/p><p>Ter\u00e7a-feira<br \/><br \/><\/p><p>Quarta-feira<br \/><br \/><\/p><p>Quinta-feira<br \/><br \/><\/p><p>Sexta-feira<br \/><br \/><\/p><p>S\u00e1bado<br \/><br \/><\/p><p>Domingo<\/p>\t\t\t\t\t\t\t\t<\/div>\n\t\t\t\t<\/div>\n\t\t\t\t\t<\/div>\n\t\t<\/div>\n\t\t\t\t<div class=\"elementor-column elementor-col-50 elementor-inner-column elementor-element elementor-element-416f5260\" data-id=\"416f5260\" data-element_type=\"column\">\n\t\t\t<div class=\"elementor-widget-wrap elementor-element-populated\">\n\t\t\t\t\t\t<div class=\"elementor-element elementor-element-e9f0289 elementor-widget elementor-widget-text-editor\" data-id=\"e9f0289\" data-element_type=\"widget\" data-widget_type=\"text-editor.default\">\n\t\t\t\t<div class=\"elementor-widget-container\">\n\t\t\t\t\t\t\t\t\t<p>18:00 \u2013 23:00<\/p><p>11:00 \u2013 15:30<br \/>18:00 \u2013 23:00<\/p><p>11:00 \u2013 15:30<br \/>18:00 \u2013 23:00<\/p><p>11:00 \u2013 15:30<br \/>18:00 \u2013 23:00<\/p><p>11:00 \u2013 15:30<br \/>18:00 \u2013 00:00<\/p><p>11:00 \u2013 15:30<br \/>18:00 \u2013 00:00<\/p><p>11:00 \u2013 15:30<br \/>18:00 \u2013 23:00<\/p>\t\t\t\t\t\t\t\t<\/div>\n\t\t\t\t<\/div>\n\t\t\t\t\t<\/div>\n\t\t<\/div>\n\t\t\t\t\t<\/div>\n\t\t<\/section>\n\t\t\t\t\t<\/div>\n\t\t<\/div>\n\t\t\t\t\t<\/div>\n\t\t<\/section>\n\t\t\t\t<\/div>\n\t\t","protected":false},"excerpt":{"rendered":"<p>Fale Conosco Contato (11) 4521 &#8211; 3777 WhatsApp: (11) 4521-3777 E-mail: contato@veracejundiai.com.br Fa\u00e7a sua reserva Endere\u00e7o Rua Prof. Jo\u00e3o Batista Curado 80 &#8211; Beco Fino &#8211; Anhagaba\u00fa &#8211; Jundia\u00ed &#8211; SP ver no mapa Hor\u00e1rio de Funcionamento Segunda-feira Ter\u00e7a-feira Quarta-feira Quinta-feira Sexta-feira S\u00e1bado Domingo 18:00 \u2013 23:00 11:00 \u2013 15:0018:00 \u2013 23:00 11:00 \u2013 15:0018:00 [&hellip;]<\/p>\n","protected":false},"author":1,"featured_media":0,"parent":0,"menu_order":0,"comment_status":"closed","ping_status":"closed","template":"elementor_header_footer","meta":{"footnotes":""},"class_list":["post-1167","page","type-page","status-publish","hentry"],"aioseo_notices":[],"_links":{"self":[{"href":"https:\/\/veracejundiai.com.br\/cantina\/wp-json\/wp\/v2\/pages\/1167","targetHints":{"allow":["GET"]}}],"collection":[{"href":"https:\/\/veracejundiai.com.br\/cantina\/wp-json\/wp\/v2\/pages"}],"about":[{"href":"https:\/\/veracejundiai.com.br\/cantina\/wp-json\/wp\/v2\/types\/page"}],"author":[{"embeddable":true,"href":"https:\/\/veracejundiai.com.br\/cantina\/wp-json\/wp\/v2\/users\/1"}],"replies":[{"embeddable":true,"href":"https:\/\/veracejundiai.com.br\/cantina\/wp-json\/wp\/v2\/comments?post=1167"}],"version-history":[{"count":42,"href":"https:\/\/veracejundiai.com.br\/cantina\/wp-json\/wp\/v2\/pages\/1167\/revisions"}],"predecessor-version":[{"id":2084,"href":"https:\/\/veracejundiai.com.br\/cantina\/wp-json\/wp\/v2\/pages\/1167\/revisions\/2084"}],"wp:attachment":[{"href":"https:\/\/veracejundiai.com.br\/cantina\/wp-json\/wp\/v2\/media?parent=1167"}],"curies":[{"name":"wp","href":"https:\/\/api.w.org\/{rel}","templated":true}]}}