{"id":842,"date":"2019-06-20T05:10:56","date_gmt":"2019-06-20T08:10:56","guid":{"rendered":"https:\/\/veracejundiai.com.br\/cantina\/?page_id=842"},"modified":"2022-06-15T10:15:52","modified_gmt":"2022-06-15T13:15:52","slug":"sobre","status":"publish","type":"page","link":"https:\/\/veracejundiai.com.br\/cantina\/sobre\/","title":{"rendered":"Sobre"},"content":{"rendered":"\t\t<div data-elementor-type=\"wp-post\" data-elementor-id=\"842\" class=\"elementor elementor-842\">\n\t\t\t\t\t\t<section class=\"elementor-section elementor-top-section elementor-element elementor-element-64134f5 elementor-section-boxed elementor-section-height-default elementor-section-height-default\" data-id=\"64134f5\" data-element_type=\"section\" data-settings=\"{&quot;background_background&quot;:&quot;classic&quot;}\">\n\t\t\t\t\t\t\t<div class=\"elementor-background-overlay\"><\/div>\n\t\t\t\t\t\t\t<div class=\"elementor-container elementor-column-gap-default\">\n\t\t\t\t\t<div class=\"elementor-column elementor-col-50 elementor-top-column elementor-element elementor-element-2057553\" data-id=\"2057553\" data-element_type=\"column\">\n\t\t\t<div class=\"elementor-widget-wrap elementor-element-populated\">\n\t\t\t\t\t\t<div class=\"elementor-element elementor-element-ab20be2 elementor-widget elementor-widget-image\" data-id=\"ab20be2\" data-element_type=\"widget\" data-widget_type=\"image.default\">\n\t\t\t\t<div class=\"elementor-widget-container\">\n\t\t\t\t\t\t\t\t\t\t\t\t\t\t\t<img fetchpriority=\"high\" decoding=\"async\" width=\"612\" height=\"547\" src=\"https:\/\/veracejundiai.com.br\/cantina\/wp-content\/uploads\/sites\/3\/2022\/01\/Sobre-cantina-612x547px.jpg\" class=\"attachment-large size-large wp-image-1642\" alt=\"\" srcset=\"https:\/\/veracejundiai.com.br\/cantina\/wp-content\/uploads\/sites\/3\/2022\/01\/Sobre-cantina-612x547px.jpg 612w, https:\/\/veracejundiai.com.br\/cantina\/wp-content\/uploads\/sites\/3\/2022\/01\/Sobre-cantina-612x547px-300x268.jpg 300w\" sizes=\"(max-width: 612px) 100vw, 612px\" \/>\t\t\t\t\t\t\t\t\t\t\t\t\t\t\t<\/div>\n\t\t\t\t<\/div>\n\t\t\t\t\t<\/div>\n\t\t<\/div>\n\t\t\t\t<div class=\"elementor-column elementor-col-50 elementor-top-column elementor-element elementor-element-df60eac\" data-id=\"df60eac\" data-element_type=\"column\">\n\t\t\t<div class=\"elementor-widget-wrap elementor-element-populated\">\n\t\t\t\t\t\t<div class=\"elementor-element elementor-element-5f469a8 elementor-widget elementor-widget-delicios-title\" data-id=\"5f469a8\" data-element_type=\"widget\" data-widget_type=\"delicios-title.default\">\n\t\t\t\t<div class=\"elementor-widget-container\">\n\t\t\t\t\t\n   <div class=\"ts-section-title title-\">\n      <h2 class=\"section-title title-border\">\n        Conhe\u00e7a <span>Nossa Hist\u00f3ria<\/span>     <\/h2>\n            \t\t\t\n   <\/div>\n    \n    \t\t\t\t<\/div>\n\t\t\t\t<\/div>\n\t\t\t\t<div class=\"elementor-element elementor-element-cdc8f15 elementor-widget elementor-widget-text-editor\" data-id=\"cdc8f15\" data-element_type=\"widget\" data-widget_type=\"text-editor.default\">\n\t\t\t\t<div class=\"elementor-widget-container\">\n\t\t\t\t\t\t\t\t\t<p>A cozinha italiana \u00e9 conhecida por sua criatividade, paix\u00e3o e amor pela boa comida.<\/p><p>A Verace Napoletana foi inaugurada em 2010 para oferecer deliciosas pizzas, com ingredientes importados e selecionados. Entretanto, com o prop\u00f3sito de garantir aos clientes uma experi\u00eancia \u00fanica e diversidade em nosso card\u00e1pio, inauguramos a Verace Cantina em 2013, que conta com risotos, diversificadas massas, entre outros pratos tradicionais da gastronomia italiana, al\u00e9m das nossas conhecidas pizzas.<\/p><p>Nossos chefs ter\u00e3o o prazer de preparar para voc\u00ea qualquer prato especial.<\/p>\t\t\t\t\t\t\t\t<\/div>\n\t\t\t\t<\/div>\n\t\t\t\t\t<\/div>\n\t\t<\/div>\n\t\t\t\t\t<\/div>\n\t\t<\/section>\n\t\t\t\t<section class=\"elementor-section elementor-top-section elementor-element elementor-element-357a818 elementor-section-stretched elementor-section-boxed elementor-section-height-default elementor-section-height-default\" data-id=\"357a818\" data-element_type=\"section\" data-settings=\"{&quot;stretch_section&quot;:&quot;section-stretched&quot;,&quot;background_background&quot;:&quot;classic&quot;}\">\n\t\t\t\t\t\t<div class=\"elementor-container elementor-column-gap-default\">\n\t\t\t\t\t<div class=\"elementor-column elementor-col-100 elementor-top-column elementor-element elementor-element-aa64848\" data-id=\"aa64848\" data-element_type=\"column\">\n\t\t\t<div class=\"elementor-widget-wrap elementor-element-populated\">\n\t\t\t\t\t\t<div class=\"elementor-element elementor-element-3e9c3d7 elementor-widget elementor-widget-delicios-title\" data-id=\"3e9c3d7\" data-element_type=\"widget\" data-widget_type=\"delicios-title.default\">\n\t\t\t\t<div class=\"elementor-widget-container\">\n\t\t\t\t\t\n   <div class=\"ts-section-title title-\">\n      <h2 class=\"section-title title-border\">\n        Nosso <span>Espa\u00e7o<\/span>     <\/h2>\n            \t\t\t\n   <\/div>\n    \n    \t\t\t\t<\/div>\n\t\t\t\t<\/div>\n\t\t\t\t<div class=\"elementor-element elementor-element-7fbc1af elementor-widget elementor-widget-gallery\" data-id=\"7fbc1af\" data-element_type=\"widget\" data-widget_type=\"gallery.default\">\n\t\t\t\t<div class=\"elementor-widget-container\">\n\t\t\t\t\t \t\t\t\t<\/div>\n\t\t\t\t<\/div>\n\t\t\t\t\t<\/div>\n\t\t<\/div>\n\t\t\t\t\t<\/div>\n\t\t<\/section>\n\t\t\t\t<section class=\"elementor-section elementor-top-section elementor-element elementor-element-88f0164 elementor-section-boxed elementor-section-height-default elementor-section-height-default\" data-id=\"88f0164\" data-element_type=\"section\">\n\t\t\t\t\t\t<div class=\"elementor-container elementor-column-gap-default\">\n\t\t\t\t\t<div class=\"elementor-column elementor-col-100 elementor-top-column elementor-element elementor-element-bba89da\" data-id=\"bba89da\" data-element_type=\"column\">\n\t\t\t<div class=\"elementor-widget-wrap elementor-element-populated\">\n\t\t\t\t\t\t<div class=\"elementor-element elementor-element-bbd4491 elementor-widget elementor-widget-image-carousel\" data-id=\"bbd4491\" data-element_type=\"widget\" data-settings=\"{&quot;slides_to_show&quot;:&quot;4&quot;,&quot;slides_to_scroll&quot;:&quot;1&quot;,&quot;navigation&quot;:&quot;none&quot;,&quot;slides_to_show_tablet&quot;:&quot;3&quot;,&quot;autoplay&quot;:&quot;yes&quot;,&quot;pause_on_hover&quot;:&quot;yes&quot;,&quot;pause_on_interaction&quot;:&quot;yes&quot;,&quot;autoplay_speed&quot;:5000,&quot;infinite&quot;:&quot;yes&quot;,&quot;speed&quot;:500}\" data-widget_type=\"image-carousel.default\">\n\t\t\t\t<div class=\"elementor-widget-container\">\n\t\t\t\t\t\t\t<div class=\"elementor-image-carousel-wrapper swiper\" role=\"region\" aria-roledescription=\"carousel\" aria-label=\"Carrossel de imagens\" dir=\"ltr\">\n\t\t\t<div class=\"elementor-image-carousel swiper-wrapper\" aria-live=\"off\">\n\t\t\t\t\t\t\t\t<div class=\"swiper-slide\" role=\"group\" aria-roledescription=\"slide\" aria-label=\"1 de 5\"><figure class=\"swiper-slide-inner\"><img decoding=\"async\" class=\"swiper-slide-image\" src=\"https:\/\/veracejundiai.com.br\/cantina\/wp-content\/uploads\/sites\/3\/2022\/02\/certificado_2011.jpg\" alt=\"certificado_2011\" \/><\/figure><\/div><div class=\"swiper-slide\" role=\"group\" aria-roledescription=\"slide\" aria-label=\"2 de 5\"><figure class=\"swiper-slide-inner\"><img decoding=\"async\" class=\"swiper-slide-image\" src=\"https:\/\/veracejundiai.com.br\/cantina\/wp-content\/uploads\/sites\/3\/2022\/02\/certificado_2013.jpg\" alt=\"certificado_2013\" \/><\/figure><\/div><div class=\"swiper-slide\" role=\"group\" aria-roledescription=\"slide\" aria-label=\"3 de 5\"><figure class=\"swiper-slide-inner\"><img decoding=\"async\" class=\"swiper-slide-image\" src=\"https:\/\/veracejundiai.com.br\/cantina\/wp-content\/uploads\/sites\/3\/2022\/02\/certificado_2014.jpg\" alt=\"certificado_2014\" \/><\/figure><\/div><div class=\"swiper-slide\" role=\"group\" aria-roledescription=\"slide\" aria-label=\"4 de 5\"><figure class=\"swiper-slide-inner\"><img decoding=\"async\" class=\"swiper-slide-image\" src=\"https:\/\/veracejundiai.com.br\/cantina\/wp-content\/uploads\/sites\/3\/2022\/02\/certificado_2015.jpg\" alt=\"certificado_2015\" \/><\/figure><\/div><div class=\"swiper-slide\" role=\"group\" aria-roledescription=\"slide\" aria-label=\"5 de 5\"><figure class=\"swiper-slide-inner\"><img decoding=\"async\" class=\"swiper-slide-image\" src=\"https:\/\/veracejundiai.com.br\/cantina\/wp-content\/uploads\/sites\/3\/2022\/02\/certificado_2016.jpg\" alt=\"certificado_2016\" \/><\/figure><\/div>\t\t\t<\/div>\n\t\t\t\t\t\t\t\n\t\t\t\t\t\t\t\t\t<\/div>\n\t\t\t\t\t\t<\/div>\n\t\t\t\t<\/div>\n\t\t\t\t\t<\/div>\n\t\t<\/div>\n\t\t\t\t\t<\/div>\n\t\t<\/section>\n\t\t\t\t<section class=\"elementor-section elementor-top-section elementor-element elementor-element-add212c elementor-section-boxed elementor-section-height-default elementor-section-height-default\" data-id=\"add212c\" data-element_type=\"section\" data-settings=\"{&quot;background_background&quot;:&quot;classic&quot;}\">\n\t\t\t\t\t\t\t<div class=\"elementor-background-overlay\"><\/div>\n\t\t\t\t\t\t\t<div class=\"elementor-container elementor-column-gap-default\">\n\t\t\t\t\t<div class=\"elementor-column elementor-col-50 elementor-top-column elementor-element elementor-element-e863a93 elementor-invisible\" data-id=\"e863a93\" data-element_type=\"column\" data-settings=\"{&quot;animation&quot;:&quot;fadeInUp&quot;,&quot;animation_delay&quot;:400}\">\n\t\t\t<div class=\"elementor-widget-wrap elementor-element-populated\">\n\t\t\t\t\t\t<div class=\"elementor-element elementor-element-f6eccb6 elementor-widget elementor-widget-heading\" data-id=\"f6eccb6\" data-element_type=\"widget\" data-widget_type=\"heading.default\">\n\t\t\t\t<div class=\"elementor-widget-container\">\n\t\t\t\t\t<h2 class=\"elementor-heading-title elementor-size-default\">Saboreie as del\u00edcias que a It\u00e1lia pode oferecer!<\/h2>\t\t\t\t<\/div>\n\t\t\t\t<\/div>\n\t\t\t\t\t<\/div>\n\t\t<\/div>\n\t\t\t\t<div class=\"elementor-column elementor-col-50 elementor-top-column elementor-element elementor-element-65ee96f elementor-invisible\" data-id=\"65ee96f\" data-element_type=\"column\" data-settings=\"{&quot;animation&quot;:&quot;fadeInUp&quot;,&quot;animation_delay&quot;:450}\">\n\t\t\t<div class=\"elementor-widget-wrap elementor-element-populated\">\n\t\t\t\t\t\t<div class=\"elementor-element elementor-element-2d1aed7 elementor-align-center elementor-tablet-align-center elementor-widget elementor-widget-button\" data-id=\"2d1aed7\" data-element_type=\"widget\" data-widget_type=\"button.default\">\n\t\t\t\t<div class=\"elementor-widget-container\">\n\t\t\t\t\t\t\t\t\t<div class=\"elementor-button-wrapper\">\n\t\t\t\t\t<a class=\"elementor-button elementor-button-link elementor-size-md\" href=\"https:\/\/api.whatsapp.com\/send?phone=551145213777\" target=\"_blank\">\n\t\t\t\t\t\t<span class=\"elementor-button-content-wrapper\">\n\t\t\t\t\t\t\t\t\t<span class=\"elementor-button-text\">fa\u00e7a seu pedido<\/span>\n\t\t\t\t\t<\/span>\n\t\t\t\t\t<\/a>\n\t\t\t\t<\/div>\n\t\t\t\t\t\t\t\t<\/div>\n\t\t\t\t<\/div>\n\t\t\t\t\t<\/div>\n\t\t<\/div>\n\t\t\t\t\t<\/div>\n\t\t<\/section>\n\t\t\t\t<\/div>\n\t\t","protected":false},"excerpt":{"rendered":"<p>Conhe\u00e7a Nossa Hist\u00f3ria A cozinha italiana \u00e9 conhecida por sua criatividade, paix\u00e3o e amor pela boa comida. A Verace Napoletana foi inaugurada em 2010 para oferecer deliciosas pizzas, com ingredientes importados e selecionados. Entretanto, com o prop\u00f3sito de garantir aos clientes uma experi\u00eancia \u00fanica e diversidade em nosso card\u00e1pio, inauguramos a Verace Cantina em 2013, [&hellip;]<\/p>\n","protected":false},"author":1,"featured_media":0,"parent":0,"menu_order":0,"comment_status":"closed","ping_status":"closed","template":"template\/full-width-template.php","meta":{"footnotes":""},"class_list":["post-842","page","type-page","status-publish","hentry"],"aioseo_notices":[],"_links":{"self":[{"href":"https:\/\/veracejundiai.com.br\/cantina\/wp-json\/wp\/v2\/pages\/842","targetHints":{"allow":["GET"]}}],"collection":[{"href":"https:\/\/veracejundiai.com.br\/cantina\/wp-json\/wp\/v2\/pages"}],"about":[{"href":"https:\/\/veracejundiai.com.br\/cantina\/wp-json\/wp\/v2\/types\/page"}],"author":[{"embeddable":true,"href":"https:\/\/veracejundiai.com.br\/cantina\/wp-json\/wp\/v2\/users\/1"}],"replies":[{"embeddable":true,"href":"https:\/\/veracejundiai.com.br\/cantina\/wp-json\/wp\/v2\/comments?post=842"}],"version-history":[{"count":26,"href":"https:\/\/veracejundiai.com.br\/cantina\/wp-json\/wp\/v2\/pages\/842\/revisions"}],"predecessor-version":[{"id":2011,"href":"https:\/\/veracejundiai.com.br\/cantina\/wp-json\/wp\/v2\/pages\/842\/revisions\/2011"}],"wp:attachment":[{"href":"https:\/\/veracejundiai.com.br\/cantina\/wp-json\/wp\/v2\/media?parent=842"}],"curies":[{"name":"wp","href":"https:\/\/api.w.org\/{rel}","templated":true}]}}