{"id":1632,"date":"2022-02-11T14:35:19","date_gmt":"2022-02-11T17:35:19","guid":{"rendered":"https:\/\/veracejundiai.com.br\/emporio\/?page_id=1632"},"modified":"2023-12-12T09:26:38","modified_gmt":"2023-12-12T12:26:38","slug":"cardapio","status":"publish","type":"page","link":"https:\/\/veracejundiai.com.br\/emporio\/cardapio\/","title":{"rendered":"Card\u00e1pio"},"content":{"rendered":"\t\t<div data-elementor-type=\"wp-page\" data-elementor-id=\"1632\" class=\"elementor elementor-1632\">\n\t\t\t\t\t\t<section class=\"elementor-section elementor-top-section elementor-element elementor-element-a3a990e elementor-section-boxed elementor-section-height-default elementor-section-height-default\" data-id=\"a3a990e\" data-element_type=\"section\" data-settings=\"{&quot;background_background&quot;:&quot;classic&quot;}\">\n\t\t\t\t\t\t\t<div class=\"elementor-background-overlay\"><\/div>\n\t\t\t\t\t\t\t<div class=\"elementor-container elementor-column-gap-default\">\n\t\t\t\t\t<div class=\"elementor-column elementor-col-100 elementor-top-column elementor-element elementor-element-d8e1f61\" data-id=\"d8e1f61\" data-element_type=\"column\">\n\t\t\t<div class=\"elementor-widget-wrap elementor-element-populated\">\n\t\t\t\t\t\t<div class=\"elementor-element elementor-element-b06f839 elementor-widget elementor-widget-delicios-title\" data-id=\"b06f839\" data-element_type=\"widget\" data-widget_type=\"delicios-title.default\">\n\t\t\t\t<div class=\"elementor-widget-container\">\n\t\t\t\t\t\n   <div class=\"ts-section-title title-\">\n      <h2 class=\"section-title \">\n        Nosso <span>Card\u00e1pio<\/span>     <\/h2>\n               <i class=\"icon icon-title\"><\/i>\n\t\t\t      \t\t\t\n   <\/div>\n    \n    \t\t\t\t<\/div>\n\t\t\t\t<\/div>\n\t\t\t\t<div class=\"elementor-element elementor-element-129212d elementor-widget elementor-widget-delicios-food-menu\" data-id=\"129212d\" data-element_type=\"widget\" data-widget_type=\"delicios-food-menu.default\">\n\t\t\t\t<div class=\"elementor-widget-container\">\n\t\t\t\t\t            \n                          <div class=\"row ts-tab-menu\">\n                 <div class=\"col d-flex justify-content-center\">\n                     <ul class=\"nav nav-menu-tabs\" role=\"tablist\">\n                                                \n                           <li>\n                               <a class=\" active show \" data-toggle=\"tab\" href=\"#129212d-1804\" role=\"tab\" aria-controls=\"Aperitivos\" aria-selected=\"true\">  <i class=''><\/i> Aperitivos<\/a>\n                           <\/li>\n                           \n                                                \n                           <li>\n                               <a class=\"  \" data-toggle=\"tab\" href=\"#129212d-1815\" role=\"tab\" aria-controls=\"Saladas\" aria-selected=\"true\">  <i class=''><\/i> Saladas<\/a>\n                           <\/li>\n                           \n                                                \n                           <li>\n                               <a class=\"  \" data-toggle=\"tab\" href=\"#129212d-1819\" role=\"tab\" aria-controls=\"P\u00e3es\" aria-selected=\"true\">  <i class=''><\/i> P\u00e3es<\/a>\n                           <\/li>\n                           \n                                                \n                           <li>\n                               <a class=\"  \" data-toggle=\"tab\" href=\"#129212d-1824\" role=\"tab\" aria-controls=\"Pizza fatiada\" aria-selected=\"true\">  <i class=''><\/i> Pizza fatiada<\/a>\n                           <\/li>\n                           \n                                                \n                           <li>\n                               <a class=\"  \" data-toggle=\"tab\" href=\"#129212d-1825\" role=\"tab\" aria-controls=\"Bebidas\" aria-selected=\"true\">  <i class=''><\/i> Bebidas<\/a>\n                           <\/li>\n                           \n                                                \n                           <li>\n                               <a class=\"  \" data-toggle=\"tab\" href=\"#129212d-1836\" role=\"tab\" aria-controls=\"Alco\u00f3licas\" aria-selected=\"true\">  <i class=''><\/i> Alco\u00f3licas<\/a>\n                           <\/li>\n                           \n                                                \n                           <li>\n                               <a class=\"  \" data-toggle=\"tab\" href=\"#129212d-1643\" role=\"tab\" aria-controls=\"Dolce\" aria-selected=\"true\">  <i class=''><\/i> Dolce<\/a>\n                           <\/li>\n                           \n                                                \n                           <li>\n                               <a class=\"  \" data-toggle=\"tab\" href=\"#129212d-1841\" role=\"tab\" aria-controls=\"Pratos\" aria-selected=\"true\">  <i class=''><\/i> Pratos<\/a>\n                           <\/li>\n                           \n                                             <\/ul>\n                  <\/div>\n               <\/div>\n             \n         <div class=\"tab-content\">\n                                  <div id=\"129212d-1804\" class=\"container tab-pane active\">\n               \n            <div class=\"row menu-section\"> \n                           <\/div>\n\n            <\/div>\n           \n                                  <div id=\"129212d-1815\" class=\"container tab-pane \">\n               \n            <div class=\"row menu-section\"> \n                           <\/div>\n\n            <\/div>\n           \n                                  <div id=\"129212d-1819\" class=\"container tab-pane \">\n               \n            <div class=\"row menu-section\"> \n                           <\/div>\n\n            <\/div>\n           \n                                  <div id=\"129212d-1824\" class=\"container tab-pane \">\n               \n            <div class=\"row menu-section\"> \n                           <\/div>\n\n            <\/div>\n           \n                                  <div id=\"129212d-1825\" class=\"container tab-pane \">\n               \n            <div class=\"row menu-section\"> \n                           <\/div>\n\n            <\/div>\n           \n                                  <div id=\"129212d-1836\" class=\"container tab-pane \">\n               \n            <div class=\"row menu-section\"> \n                           <\/div>\n\n            <\/div>\n           \n                                  <div id=\"129212d-1643\" class=\"container tab-pane \">\n               \n            <div class=\"row menu-section\"> \n                           <\/div>\n\n            <\/div>\n           \n                                  <div id=\"129212d-1841\" class=\"container tab-pane \">\n               \n            <div class=\"row menu-section\"> \n                           <\/div>\n\n            <\/div>\n           \n            \n         <\/div>\n                   \n           \n      \t\t\t\t<\/div>\n\t\t\t\t<\/div>\n\t\t\t\t\t<\/div>\n\t\t<\/div>\n\t\t\t\t\t<\/div>\n\t\t<\/section>\n\t\t\t\t<section class=\"elementor-section elementor-top-section elementor-element elementor-element-2d66b47c elementor-section-full_width elementor-section-height-default elementor-section-height-default\" data-id=\"2d66b47c\" data-element_type=\"section\" data-settings=\"{&quot;background_background&quot;:&quot;classic&quot;}\">\n\t\t\t\t\t\t\t<div class=\"elementor-background-overlay\"><\/div>\n\t\t\t\t\t\t\t<div class=\"elementor-container elementor-column-gap-default\">\n\t\t\t\t\t<div class=\"elementor-column elementor-col-100 elementor-top-column elementor-element elementor-element-520e044\" data-id=\"520e044\" data-element_type=\"column\">\n\t\t\t<div class=\"elementor-widget-wrap elementor-element-populated\">\n\t\t\t\t\t\t<div class=\"elementor-element elementor-element-6d9284c6 elementor-widget elementor-widget-image-carousel\" data-id=\"6d9284c6\" data-element_type=\"widget\" data-settings=\"{&quot;slides_to_show&quot;:&quot;4&quot;,&quot;pause_on_hover&quot;:&quot;no&quot;,&quot;pause_on_interaction&quot;:&quot;no&quot;,&quot;navigation&quot;:&quot;none&quot;,&quot;autoplay&quot;:&quot;yes&quot;,&quot;autoplay_speed&quot;:5000,&quot;infinite&quot;:&quot;yes&quot;,&quot;speed&quot;:500}\" data-widget_type=\"image-carousel.default\">\n\t\t\t\t<div class=\"elementor-widget-container\">\n\t\t\t\t\t\t\t<div class=\"elementor-image-carousel-wrapper swiper\" role=\"region\" aria-roledescription=\"carousel\" aria-label=\"Carrossel de imagens\" dir=\"ltr\">\n\t\t\t<div class=\"elementor-image-carousel swiper-wrapper\" aria-live=\"off\">\n\t\t\t\t\t\t\t\t<div class=\"swiper-slide\" role=\"group\" aria-roledescription=\"slide\" aria-label=\"1 de 8\"><a data-elementor-open-lightbox=\"yes\" data-elementor-lightbox-slideshow=\"6d9284c6\" data-elementor-lightbox-title=\"IMG_7130\" data-e-action-hash=\"#elementor-action%3Aaction%3Dlightbox%26settings%3DeyJpZCI6MTU3MywidXJsIjoiaHR0cHM6XC9cL3ZlcmFjZWp1bmRpYWkuY29tLmJyXC9lbXBvcmlvXC93cC1jb250ZW50XC91cGxvYWRzXC9zaXRlc1wvNFwvMjAyMlwvMDJcL0lNR183MTMwLmpwZyIsInNsaWRlc2hvdyI6IjZkOTI4NGM2In0%3D\" href=\"https:\/\/veracejundiai.com.br\/emporio\/wp-content\/uploads\/sites\/4\/2022\/02\/IMG_7130.jpg\"><figure class=\"swiper-slide-inner\"><img decoding=\"async\" class=\"swiper-slide-image\" src=\"https:\/\/veracejundiai.com.br\/emporio\/wp-content\/uploads\/sites\/4\/2022\/02\/IMG_7130.jpg\" alt=\"IMG_7130\" \/><\/figure><\/a><\/div><div class=\"swiper-slide\" role=\"group\" aria-roledescription=\"slide\" aria-label=\"2 de 8\"><a data-elementor-open-lightbox=\"yes\" data-elementor-lightbox-slideshow=\"6d9284c6\" data-elementor-lightbox-title=\"IMG_7251\" data-e-action-hash=\"#elementor-action%3Aaction%3Dlightbox%26settings%3DeyJpZCI6MTU3MiwidXJsIjoiaHR0cHM6XC9cL3ZlcmFjZWp1bmRpYWkuY29tLmJyXC9lbXBvcmlvXC93cC1jb250ZW50XC91cGxvYWRzXC9zaXRlc1wvNFwvMjAyMlwvMDJcL0lNR183MjUxLmpwZyIsInNsaWRlc2hvdyI6IjZkOTI4NGM2In0%3D\" href=\"https:\/\/veracejundiai.com.br\/emporio\/wp-content\/uploads\/sites\/4\/2022\/02\/IMG_7251.jpg\"><figure class=\"swiper-slide-inner\"><img decoding=\"async\" class=\"swiper-slide-image\" src=\"https:\/\/veracejundiai.com.br\/emporio\/wp-content\/uploads\/sites\/4\/2022\/02\/IMG_7251.jpg\" alt=\"IMG_7251\" \/><\/figure><\/a><\/div><div class=\"swiper-slide\" role=\"group\" aria-roledescription=\"slide\" aria-label=\"3 de 8\"><a data-elementor-open-lightbox=\"yes\" data-elementor-lightbox-slideshow=\"6d9284c6\" data-elementor-lightbox-title=\"IMG_7213\" data-e-action-hash=\"#elementor-action%3Aaction%3Dlightbox%26settings%3DeyJpZCI6MTU3MSwidXJsIjoiaHR0cHM6XC9cL3ZlcmFjZWp1bmRpYWkuY29tLmJyXC9lbXBvcmlvXC93cC1jb250ZW50XC91cGxvYWRzXC9zaXRlc1wvNFwvMjAyMlwvMDJcL0lNR183MjEzLmpwZyIsInNsaWRlc2hvdyI6IjZkOTI4NGM2In0%3D\" href=\"https:\/\/veracejundiai.com.br\/emporio\/wp-content\/uploads\/sites\/4\/2022\/02\/IMG_7213.jpg\"><figure class=\"swiper-slide-inner\"><img decoding=\"async\" class=\"swiper-slide-image\" src=\"https:\/\/veracejundiai.com.br\/emporio\/wp-content\/uploads\/sites\/4\/2022\/02\/IMG_7213.jpg\" alt=\"IMG_7213\" \/><\/figure><\/a><\/div><div class=\"swiper-slide\" role=\"group\" aria-roledescription=\"slide\" aria-label=\"4 de 8\"><a data-elementor-open-lightbox=\"yes\" data-elementor-lightbox-slideshow=\"6d9284c6\" data-elementor-lightbox-title=\"IMG_7206\" data-e-action-hash=\"#elementor-action%3Aaction%3Dlightbox%26settings%3DeyJpZCI6MTU3MCwidXJsIjoiaHR0cHM6XC9cL3ZlcmFjZWp1bmRpYWkuY29tLmJyXC9lbXBvcmlvXC93cC1jb250ZW50XC91cGxvYWRzXC9zaXRlc1wvNFwvMjAyMlwvMDJcL0lNR183MjA2LmpwZyIsInNsaWRlc2hvdyI6IjZkOTI4NGM2In0%3D\" href=\"https:\/\/veracejundiai.com.br\/emporio\/wp-content\/uploads\/sites\/4\/2022\/02\/IMG_7206.jpg\"><figure class=\"swiper-slide-inner\"><img decoding=\"async\" class=\"swiper-slide-image\" src=\"https:\/\/veracejundiai.com.br\/emporio\/wp-content\/uploads\/sites\/4\/2022\/02\/IMG_7206.jpg\" alt=\"IMG_7206\" \/><\/figure><\/a><\/div><div class=\"swiper-slide\" role=\"group\" aria-roledescription=\"slide\" aria-label=\"5 de 8\"><a data-elementor-open-lightbox=\"yes\" data-elementor-lightbox-slideshow=\"6d9284c6\" data-elementor-lightbox-title=\"IMG_7150\" data-e-action-hash=\"#elementor-action%3Aaction%3Dlightbox%26settings%3DeyJpZCI6MTU2OSwidXJsIjoiaHR0cHM6XC9cL3ZlcmFjZWp1bmRpYWkuY29tLmJyXC9lbXBvcmlvXC93cC1jb250ZW50XC91cGxvYWRzXC9zaXRlc1wvNFwvMjAyMlwvMDJcL0lNR183MTUwLmpwZyIsInNsaWRlc2hvdyI6IjZkOTI4NGM2In0%3D\" href=\"https:\/\/veracejundiai.com.br\/emporio\/wp-content\/uploads\/sites\/4\/2022\/02\/IMG_7150.jpg\"><figure class=\"swiper-slide-inner\"><img decoding=\"async\" class=\"swiper-slide-image\" src=\"https:\/\/veracejundiai.com.br\/emporio\/wp-content\/uploads\/sites\/4\/2022\/02\/IMG_7150.jpg\" alt=\"IMG_7150\" \/><\/figure><\/a><\/div><div class=\"swiper-slide\" role=\"group\" aria-roledescription=\"slide\" aria-label=\"6 de 8\"><a data-elementor-open-lightbox=\"yes\" data-elementor-lightbox-slideshow=\"6d9284c6\" data-elementor-lightbox-title=\"IMG_7110\" data-e-action-hash=\"#elementor-action%3Aaction%3Dlightbox%26settings%3DeyJpZCI6MTU3NCwidXJsIjoiaHR0cHM6XC9cL3ZlcmFjZWp1bmRpYWkuY29tLmJyXC9lbXBvcmlvXC93cC1jb250ZW50XC91cGxvYWRzXC9zaXRlc1wvNFwvMjAyMlwvMDJcL0lNR183MTEwLmpwZyIsInNsaWRlc2hvdyI6IjZkOTI4NGM2In0%3D\" href=\"https:\/\/veracejundiai.com.br\/emporio\/wp-content\/uploads\/sites\/4\/2022\/02\/IMG_7110.jpg\"><figure class=\"swiper-slide-inner\"><img decoding=\"async\" class=\"swiper-slide-image\" src=\"https:\/\/veracejundiai.com.br\/emporio\/wp-content\/uploads\/sites\/4\/2022\/02\/IMG_7110.jpg\" alt=\"IMG_7110\" \/><\/figure><\/a><\/div><div class=\"swiper-slide\" role=\"group\" aria-roledescription=\"slide\" aria-label=\"7 de 8\"><a data-elementor-open-lightbox=\"yes\" data-elementor-lightbox-slideshow=\"6d9284c6\" data-elementor-lightbox-title=\"IMG_7286\" data-e-action-hash=\"#elementor-action%3Aaction%3Dlightbox%26settings%3DeyJpZCI6MTU3NiwidXJsIjoiaHR0cHM6XC9cL3ZlcmFjZWp1bmRpYWkuY29tLmJyXC9lbXBvcmlvXC93cC1jb250ZW50XC91cGxvYWRzXC9zaXRlc1wvNFwvMjAyMlwvMDJcL0lNR183Mjg2LmpwZyIsInNsaWRlc2hvdyI6IjZkOTI4NGM2In0%3D\" href=\"https:\/\/veracejundiai.com.br\/emporio\/wp-content\/uploads\/sites\/4\/2022\/02\/IMG_7286.jpg\"><figure class=\"swiper-slide-inner\"><img decoding=\"async\" class=\"swiper-slide-image\" src=\"https:\/\/veracejundiai.com.br\/emporio\/wp-content\/uploads\/sites\/4\/2022\/02\/IMG_7286.jpg\" alt=\"IMG_7286\" \/><\/figure><\/a><\/div><div class=\"swiper-slide\" role=\"group\" aria-roledescription=\"slide\" aria-label=\"8 de 8\"><a data-elementor-open-lightbox=\"yes\" data-elementor-lightbox-slideshow=\"6d9284c6\" data-elementor-lightbox-title=\"IMG_7231\" data-e-action-hash=\"#elementor-action%3Aaction%3Dlightbox%26settings%3DeyJpZCI6MTU3NywidXJsIjoiaHR0cHM6XC9cL3ZlcmFjZWp1bmRpYWkuY29tLmJyXC9lbXBvcmlvXC93cC1jb250ZW50XC91cGxvYWRzXC9zaXRlc1wvNFwvMjAyMlwvMDJcL0lNR183MjMxLmpwZyIsInNsaWRlc2hvdyI6IjZkOTI4NGM2In0%3D\" href=\"https:\/\/veracejundiai.com.br\/emporio\/wp-content\/uploads\/sites\/4\/2022\/02\/IMG_7231.jpg\"><figure class=\"swiper-slide-inner\"><img decoding=\"async\" class=\"swiper-slide-image\" src=\"https:\/\/veracejundiai.com.br\/emporio\/wp-content\/uploads\/sites\/4\/2022\/02\/IMG_7231.jpg\" alt=\"IMG_7231\" \/><\/figure><\/a><\/div>\t\t\t<\/div>\n\t\t\t\t\t\t\t\n\t\t\t\t\t\t\t\t\t<\/div>\n\t\t\t\t\t\t<\/div>\n\t\t\t\t<\/div>\n\t\t\t\t\t<\/div>\n\t\t<\/div>\n\t\t\t\t\t<\/div>\n\t\t<\/section>\n\t\t\t\t<section class=\"elementor-section elementor-top-section elementor-element elementor-element-a5c3ebf elementor-section-boxed elementor-section-height-default elementor-section-height-default\" data-id=\"a5c3ebf\" data-element_type=\"section\" data-settings=\"{&quot;background_background&quot;:&quot;classic&quot;}\">\n\t\t\t\t\t\t\t<div class=\"elementor-background-overlay\"><\/div>\n\t\t\t\t\t\t\t<div class=\"elementor-container elementor-column-gap-default\">\n\t\t\t\t\t<div class=\"elementor-column elementor-col-50 elementor-top-column elementor-element elementor-element-1f2729c elementor-invisible\" data-id=\"1f2729c\" data-element_type=\"column\" data-settings=\"{&quot;animation&quot;:&quot;fadeInUp&quot;,&quot;animation_delay&quot;:400}\">\n\t\t\t<div class=\"elementor-widget-wrap elementor-element-populated\">\n\t\t\t\t\t\t<div class=\"elementor-element elementor-element-4546e1f elementor-widget elementor-widget-heading\" data-id=\"4546e1f\" data-element_type=\"widget\" data-widget_type=\"heading.default\">\n\t\t\t\t<div class=\"elementor-widget-container\">\n\t\t\t\t\t<h2 class=\"elementor-heading-title elementor-size-default\">A cada degusta\u00e7\u00e3o, uma nova\nexperi\u00eancia!<\/h2>\t\t\t\t<\/div>\n\t\t\t\t<\/div>\n\t\t\t\t\t<\/div>\n\t\t<\/div>\n\t\t\t\t<div class=\"elementor-column elementor-col-50 elementor-top-column elementor-element elementor-element-15a40e9 elementor-invisible\" data-id=\"15a40e9\" data-element_type=\"column\" data-settings=\"{&quot;animation&quot;:&quot;fadeInUp&quot;,&quot;animation_delay&quot;:450}\">\n\t\t\t<div class=\"elementor-widget-wrap elementor-element-populated\">\n\t\t\t\t\t\t<div class=\"elementor-element elementor-element-3593d6c elementor-align-center elementor-tablet-align-center elementor-widget elementor-widget-button\" data-id=\"3593d6c\" data-element_type=\"widget\" data-widget_type=\"button.default\">\n\t\t\t\t<div class=\"elementor-widget-container\">\n\t\t\t\t\t\t\t\t\t<div class=\"elementor-button-wrapper\">\n\t\t\t\t\t<a class=\"elementor-button elementor-button-link elementor-size-md\" href=\"https:\/\/api.whatsapp.com\/send?phone=5511952920573\" target=\"_blank\">\n\t\t\t\t\t\t<span class=\"elementor-button-content-wrapper\">\n\t\t\t\t\t\t\t\t\t<span class=\"elementor-button-text\">Fa\u00e7a uma reserva<\/span>\n\t\t\t\t\t<\/span>\n\t\t\t\t\t<\/a>\n\t\t\t\t<\/div>\n\t\t\t\t\t\t\t\t<\/div>\n\t\t\t\t<\/div>\n\t\t\t\t\t<\/div>\n\t\t<\/div>\n\t\t\t\t\t<\/div>\n\t\t<\/section>\n\t\t\t\t<\/div>\n\t\t","protected":false},"excerpt":{"rendered":"<p>Nosso Card\u00e1pio Aperitivos Saladas P\u00e3es Pizza fatiada Bebidas Alco\u00f3licas Dolce Pratos Aperitivos Couvert R$ 39,90 Azeitonas temperadas, tomate cereja confitados e polvo marinado, acompanhado Focaccia da casa Burrata R$ 63,90 Queijo cremoso, tomate cereja confit e pesto de manjeric\u00e3o. Acompanha p\u00e3o da casa artesanal Arancini al telefono R$ 47,90 Bolinho de risoto recheado de queijo [&hellip;]<\/p>\n","protected":false},"author":1,"featured_media":0,"parent":0,"menu_order":0,"comment_status":"closed","ping_status":"closed","template":"template\/full-width-template.php","meta":{"footnotes":""},"class_list":["post-1632","page","type-page","status-publish","hentry"],"aioseo_notices":[],"_links":{"self":[{"href":"https:\/\/veracejundiai.com.br\/emporio\/wp-json\/wp\/v2\/pages\/1632","targetHints":{"allow":["GET"]}}],"collection":[{"href":"https:\/\/veracejundiai.com.br\/emporio\/wp-json\/wp\/v2\/pages"}],"about":[{"href":"https:\/\/veracejundiai.com.br\/emporio\/wp-json\/wp\/v2\/types\/page"}],"author":[{"embeddable":true,"href":"https:\/\/veracejundiai.com.br\/emporio\/wp-json\/wp\/v2\/users\/1"}],"replies":[{"embeddable":true,"href":"https:\/\/veracejundiai.com.br\/emporio\/wp-json\/wp\/v2\/comments?post=1632"}],"version-history":[{"count":79,"href":"https:\/\/veracejundiai.com.br\/emporio\/wp-json\/wp\/v2\/pages\/1632\/revisions"}],"predecessor-version":[{"id":1850,"href":"https:\/\/veracejundiai.com.br\/emporio\/wp-json\/wp\/v2\/pages\/1632\/revisions\/1850"}],"wp:attachment":[{"href":"https:\/\/veracejundiai.com.br\/emporio\/wp-json\/wp\/v2\/media?parent=1632"}],"curies":[{"name":"wp","href":"https:\/\/api.w.org\/{rel}","templated":true}]}}