{"id":842,"date":"2019-06-20T05:10:56","date_gmt":"2019-06-20T08:10:56","guid":{"rendered":"https:\/\/veracejundiai.com.br\/emporio\/?page_id=842"},"modified":"2022-02-11T15:44:03","modified_gmt":"2022-02-11T18:44:03","slug":"sobre","status":"publish","type":"page","link":"https:\/\/veracejundiai.com.br\/emporio\/sobre\/","title":{"rendered":"Sobre"},"content":{"rendered":"\t\t<div data-elementor-type=\"wp-post\" data-elementor-id=\"842\" class=\"elementor elementor-842\">\n\t\t\t\t\t\t<section class=\"elementor-section elementor-top-section elementor-element elementor-element-64134f5 elementor-section-boxed elementor-section-height-default elementor-section-height-default\" data-id=\"64134f5\" data-element_type=\"section\" data-settings=\"{&quot;background_background&quot;:&quot;classic&quot;}\">\n\t\t\t\t\t\t\t<div class=\"elementor-background-overlay\"><\/div>\n\t\t\t\t\t\t\t<div class=\"elementor-container elementor-column-gap-default\">\n\t\t\t\t\t<div class=\"elementor-column elementor-col-50 elementor-top-column elementor-element elementor-element-2057553\" data-id=\"2057553\" data-element_type=\"column\">\n\t\t\t<div class=\"elementor-widget-wrap elementor-element-populated\">\n\t\t\t\t\t\t<div class=\"elementor-element elementor-element-0548b37 elementor-widget elementor-widget-video\" data-id=\"0548b37\" data-element_type=\"widget\" data-settings=\"{&quot;youtube_url&quot;:&quot;https:\\\/\\\/youtu.be\\\/OrO9XMpfiIM&quot;,&quot;video_type&quot;:&quot;youtube&quot;,&quot;controls&quot;:&quot;yes&quot;}\" data-widget_type=\"video.default\">\n\t\t\t\t<div class=\"elementor-widget-container\">\n\t\t\t\t\t\t\t<div class=\"elementor-wrapper elementor-open-inline\">\n\t\t\t<div class=\"elementor-video\"><\/div>\t\t<\/div>\n\t\t\t\t\t\t<\/div>\n\t\t\t\t<\/div>\n\t\t\t\t\t<\/div>\n\t\t<\/div>\n\t\t\t\t<div class=\"elementor-column elementor-col-50 elementor-top-column elementor-element elementor-element-df60eac\" data-id=\"df60eac\" data-element_type=\"column\">\n\t\t\t<div class=\"elementor-widget-wrap elementor-element-populated\">\n\t\t\t\t\t\t<div class=\"elementor-element elementor-element-60f4818 elementor-widget elementor-widget-delicios-title\" data-id=\"60f4818\" data-element_type=\"widget\" data-widget_type=\"delicios-title.default\">\n\t\t\t\t<div class=\"elementor-widget-container\">\n\t\t\t\t\t\n   <div class=\"ts-section-title title-\">\n      <h2 class=\"section-title title-border\">\n        Conhe\u00e7a <span>Nossa Hist\u00f3ria<\/span>     <\/h2>\n            \t\t\t\n   <\/div>\n    \n    \t\t\t\t<\/div>\n\t\t\t\t<\/div>\n\t\t\t\t<div class=\"elementor-element elementor-element-cdc8f15 elementor-widget elementor-widget-text-editor\" data-id=\"cdc8f15\" data-element_type=\"widget\" data-widget_type=\"text-editor.default\">\n\t\t\t\t<div class=\"elementor-widget-container\">\n\t\t\t\t\t\t\t\t\t<p>Dos p\u00e3es de fermenta\u00e7\u00e3o natural aos doces, passando pelas massas, azeites, vinhos e drinks, procuramos sempre oferecer qualidade, frescor e carinho em nosso menu. O Verace Emp\u00f3rio \u00e9 o lugar ideal para voc\u00ea saborear a tradi\u00e7\u00e3o italiana, com uma variedade de produtos importados, que oferecem a sensa\u00e7\u00e3o de frescor e refinamento.<\/p><p>No nosso espa\u00e7o, voc\u00ea se sente visitando um pedacinho da It\u00e1lia. Possu\u00edmos uma decora\u00e7\u00e3o diferenciada, exposi\u00e7\u00f5es art\u00edsticas e sempre contamos com uma boa m\u00fasica.<\/p><p>Voc\u00ea vai se surpreender com as combina\u00e7\u00f5es da nossa cozinha e sugest\u00f5es dos nossos chefs. A cada visita, um novo sabor. Vivencie esta experi\u00eancia!<\/p>\t\t\t\t\t\t\t\t<\/div>\n\t\t\t\t<\/div>\n\t\t\t\t\t<\/div>\n\t\t<\/div>\n\t\t\t\t\t<\/div>\n\t\t<\/section>\n\t\t\t\t<section class=\"elementor-section elementor-top-section elementor-element elementor-element-7645e83 elementor-section-boxed elementor-section-height-default elementor-section-height-default\" data-id=\"7645e83\" data-element_type=\"section\" data-settings=\"{&quot;background_background&quot;:&quot;classic&quot;}\">\n\t\t\t\t\t\t\t<div class=\"elementor-background-overlay\"><\/div>\n\t\t\t\t\t\t\t<div class=\"elementor-container elementor-column-gap-default\">\n\t\t\t\t\t<div class=\"elementor-column elementor-col-50 elementor-top-column elementor-element elementor-element-20f16e8 elementor-invisible\" data-id=\"20f16e8\" data-element_type=\"column\" data-settings=\"{&quot;animation&quot;:&quot;fadeInUp&quot;,&quot;animation_delay&quot;:400}\">\n\t\t\t<div class=\"elementor-widget-wrap elementor-element-populated\">\n\t\t\t\t\t\t<div class=\"elementor-element elementor-element-fe0c775 elementor-widget elementor-widget-heading\" data-id=\"fe0c775\" data-element_type=\"widget\" data-widget_type=\"heading.default\">\n\t\t\t\t<div class=\"elementor-widget-container\">\n\t\t\t\t\t<h2 class=\"elementor-heading-title elementor-size-default\">Junte-se a n\u00f3s e saboreie a\ngastronomia Italiana<\/h2>\t\t\t\t<\/div>\n\t\t\t\t<\/div>\n\t\t\t\t\t<\/div>\n\t\t<\/div>\n\t\t\t\t<div class=\"elementor-column elementor-col-50 elementor-top-column elementor-element elementor-element-f0af085 elementor-invisible\" data-id=\"f0af085\" data-element_type=\"column\" data-settings=\"{&quot;animation&quot;:&quot;fadeInUp&quot;,&quot;animation_delay&quot;:450}\">\n\t\t\t<div class=\"elementor-widget-wrap elementor-element-populated\">\n\t\t\t\t\t\t<div class=\"elementor-element elementor-element-8c61a50 elementor-align-center elementor-tablet-align-center elementor-widget elementor-widget-button\" data-id=\"8c61a50\" data-element_type=\"widget\" data-widget_type=\"button.default\">\n\t\t\t\t<div class=\"elementor-widget-container\">\n\t\t\t\t\t\t\t\t\t<div class=\"elementor-button-wrapper\">\n\t\t\t\t\t<a class=\"elementor-button elementor-button-link elementor-size-md\" href=\"https:\/\/api.whatsapp.com\/send?phone=5511952920573\">\n\t\t\t\t\t\t<span class=\"elementor-button-content-wrapper\">\n\t\t\t\t\t\t\t\t\t<span class=\"elementor-button-text\">Fa\u00e7a uma reserva<\/span>\n\t\t\t\t\t<\/span>\n\t\t\t\t\t<\/a>\n\t\t\t\t<\/div>\n\t\t\t\t\t\t\t\t<\/div>\n\t\t\t\t<\/div>\n\t\t\t\t\t<\/div>\n\t\t<\/div>\n\t\t\t\t\t<\/div>\n\t\t<\/section>\n\t\t\t\t<section class=\"elementor-section elementor-top-section elementor-element elementor-element-46a1afa elementor-section-full_width elementor-section-height-default elementor-section-height-default\" data-id=\"46a1afa\" data-element_type=\"section\" data-settings=\"{&quot;background_background&quot;:&quot;classic&quot;}\">\n\t\t\t\t\t\t<div class=\"elementor-container elementor-column-gap-default\">\n\t\t\t\t\t<div class=\"elementor-column elementor-col-100 elementor-top-column elementor-element elementor-element-6d7b9eb\" data-id=\"6d7b9eb\" data-element_type=\"column\">\n\t\t\t<div class=\"elementor-widget-wrap elementor-element-populated\">\n\t\t\t\t\t\t<div class=\"elementor-element elementor-element-a71125b elementor-widget elementor-widget-delicios-title\" data-id=\"a71125b\" data-element_type=\"widget\" data-widget_type=\"delicios-title.default\">\n\t\t\t\t<div class=\"elementor-widget-container\">\n\t\t\t\t\t\n   <div class=\"ts-section-title title-\">\n      <h2 class=\"section-title title-border\">\n        Nosso <span>Espa\u00e7o<\/span>     <\/h2>\n            \t\t\t\n   <\/div>\n    \n    \t\t\t\t<\/div>\n\t\t\t\t<\/div>\n\t\t\t\t<section class=\"elementor-section elementor-inner-section elementor-element elementor-element-316a71e elementor-section-full_width elementor-section-height-default elementor-section-height-default\" data-id=\"316a71e\" data-element_type=\"section\">\n\t\t\t\t\t\t<div class=\"elementor-container elementor-column-gap-default\">\n\t\t\t\t\t<div class=\"elementor-column elementor-col-33 elementor-inner-column elementor-element elementor-element-7c808d4\" data-id=\"7c808d4\" data-element_type=\"column\">\n\t\t\t<div class=\"elementor-widget-wrap elementor-element-populated\">\n\t\t\t\t\t\t<div class=\"elementor-element elementor-element-97e984b elementor-widget elementor-widget-image\" data-id=\"97e984b\" data-element_type=\"widget\" data-widget_type=\"image.default\">\n\t\t\t\t<div class=\"elementor-widget-container\">\n\t\t\t\t\t\t\t\t\t\t\t\t\t\t\t\t<a href=\"https:\/\/veracejundiai.com.br\/emporio\/wp-content\/uploads\/sites\/4\/2022\/02\/IMG_7975.jpg\" data-elementor-open-lightbox=\"yes\" data-elementor-lightbox-title=\"IMG_7975\" data-e-action-hash=\"#elementor-action%3Aaction%3Dlightbox%26settings%3DeyJpZCI6MTU5MiwidXJsIjoiaHR0cHM6XC9cL3ZlcmFjZWp1bmRpYWkuY29tLmJyXC9lbXBvcmlvXC93cC1jb250ZW50XC91cGxvYWRzXC9zaXRlc1wvNFwvMjAyMlwvMDJcL0lNR183OTc1LmpwZyJ9\">\n\t\t\t\t\t\t\t<img fetchpriority=\"high\" decoding=\"async\" width=\"800\" height=\"640\" src=\"https:\/\/veracejundiai.com.br\/emporio\/wp-content\/uploads\/sites\/4\/2022\/02\/IMG_7975-1024x819.jpg\" class=\"attachment-large size-large wp-image-1592\" alt=\"\" srcset=\"https:\/\/veracejundiai.com.br\/emporio\/wp-content\/uploads\/sites\/4\/2022\/02\/IMG_7975-1024x819.jpg 1024w, https:\/\/veracejundiai.com.br\/emporio\/wp-content\/uploads\/sites\/4\/2022\/02\/IMG_7975-300x240.jpg 300w, https:\/\/veracejundiai.com.br\/emporio\/wp-content\/uploads\/sites\/4\/2022\/02\/IMG_7975-768x615.jpg 768w, https:\/\/veracejundiai.com.br\/emporio\/wp-content\/uploads\/sites\/4\/2022\/02\/IMG_7975-1536x1229.jpg 1536w, https:\/\/veracejundiai.com.br\/emporio\/wp-content\/uploads\/sites\/4\/2022\/02\/IMG_7975.jpg 1907w\" sizes=\"(max-width: 800px) 100vw, 800px\" \/>\t\t\t\t\t\t\t\t<\/a>\n\t\t\t\t\t\t\t\t\t\t\t\t\t\t\t<\/div>\n\t\t\t\t<\/div>\n\t\t\t\t\t<\/div>\n\t\t<\/div>\n\t\t\t\t<div class=\"elementor-column elementor-col-33 elementor-inner-column elementor-element elementor-element-0735ffa\" data-id=\"0735ffa\" data-element_type=\"column\">\n\t\t\t<div class=\"elementor-widget-wrap elementor-element-populated\">\n\t\t\t\t\t\t<div class=\"elementor-element elementor-element-72f1912 elementor-widget elementor-widget-image\" data-id=\"72f1912\" data-element_type=\"widget\" data-widget_type=\"image.default\">\n\t\t\t\t<div class=\"elementor-widget-container\">\n\t\t\t\t\t\t\t\t\t\t\t\t\t\t\t\t<a href=\"https:\/\/veracejundiai.com.br\/emporio\/wp-content\/uploads\/sites\/4\/2022\/02\/IMG_7969.jpg\" data-elementor-open-lightbox=\"yes\" data-elementor-lightbox-title=\"IMG_7969\" data-e-action-hash=\"#elementor-action%3Aaction%3Dlightbox%26settings%3DeyJpZCI6MTU4NywidXJsIjoiaHR0cHM6XC9cL3ZlcmFjZWp1bmRpYWkuY29tLmJyXC9lbXBvcmlvXC93cC1jb250ZW50XC91cGxvYWRzXC9zaXRlc1wvNFwvMjAyMlwvMDJcL0lNR183OTY5LmpwZyJ9\">\n\t\t\t\t\t\t\t<img decoding=\"async\" width=\"800\" height=\"640\" src=\"https:\/\/veracejundiai.com.br\/emporio\/wp-content\/uploads\/sites\/4\/2022\/02\/IMG_7969-1024x819.jpg\" class=\"attachment-large size-large wp-image-1587\" alt=\"\" srcset=\"https:\/\/veracejundiai.com.br\/emporio\/wp-content\/uploads\/sites\/4\/2022\/02\/IMG_7969-1024x819.jpg 1024w, https:\/\/veracejundiai.com.br\/emporio\/wp-content\/uploads\/sites\/4\/2022\/02\/IMG_7969-300x240.jpg 300w, https:\/\/veracejundiai.com.br\/emporio\/wp-content\/uploads\/sites\/4\/2022\/02\/IMG_7969-768x614.jpg 768w, https:\/\/veracejundiai.com.br\/emporio\/wp-content\/uploads\/sites\/4\/2022\/02\/IMG_7969-1536x1229.jpg 1536w, https:\/\/veracejundiai.com.br\/emporio\/wp-content\/uploads\/sites\/4\/2022\/02\/IMG_7969.jpg 2000w\" sizes=\"(max-width: 800px) 100vw, 800px\" \/>\t\t\t\t\t\t\t\t<\/a>\n\t\t\t\t\t\t\t\t\t\t\t\t\t\t\t<\/div>\n\t\t\t\t<\/div>\n\t\t\t\t\t<\/div>\n\t\t<\/div>\n\t\t\t\t<div class=\"elementor-column elementor-col-33 elementor-inner-column elementor-element elementor-element-a7ef927\" data-id=\"a7ef927\" data-element_type=\"column\">\n\t\t\t<div class=\"elementor-widget-wrap elementor-element-populated\">\n\t\t\t\t\t\t<div class=\"elementor-element elementor-element-f2868ee elementor-widget elementor-widget-image\" data-id=\"f2868ee\" data-element_type=\"widget\" data-widget_type=\"image.default\">\n\t\t\t\t<div class=\"elementor-widget-container\">\n\t\t\t\t\t\t\t\t\t\t\t\t\t\t\t\t<a href=\"https:\/\/veracejundiai.com.br\/emporio\/wp-content\/uploads\/sites\/4\/2022\/02\/IMG_7433.jpg\" data-elementor-open-lightbox=\"yes\" data-elementor-lightbox-title=\"IMG_7433\" data-e-action-hash=\"#elementor-action%3Aaction%3Dlightbox%26settings%3DeyJpZCI6MTU5MCwidXJsIjoiaHR0cHM6XC9cL3ZlcmFjZWp1bmRpYWkuY29tLmJyXC9lbXBvcmlvXC93cC1jb250ZW50XC91cGxvYWRzXC9zaXRlc1wvNFwvMjAyMlwvMDJcL0lNR183NDMzLmpwZyJ9\">\n\t\t\t\t\t\t\t<img decoding=\"async\" width=\"800\" height=\"640\" src=\"https:\/\/veracejundiai.com.br\/emporio\/wp-content\/uploads\/sites\/4\/2022\/02\/IMG_7433-1024x819.jpg\" class=\"attachment-large size-large wp-image-1590\" alt=\"\" srcset=\"https:\/\/veracejundiai.com.br\/emporio\/wp-content\/uploads\/sites\/4\/2022\/02\/IMG_7433-1024x819.jpg 1024w, https:\/\/veracejundiai.com.br\/emporio\/wp-content\/uploads\/sites\/4\/2022\/02\/IMG_7433-300x240.jpg 300w, https:\/\/veracejundiai.com.br\/emporio\/wp-content\/uploads\/sites\/4\/2022\/02\/IMG_7433-768x614.jpg 768w, https:\/\/veracejundiai.com.br\/emporio\/wp-content\/uploads\/sites\/4\/2022\/02\/IMG_7433-1536x1229.jpg 1536w, https:\/\/veracejundiai.com.br\/emporio\/wp-content\/uploads\/sites\/4\/2022\/02\/IMG_7433.jpg 2000w\" sizes=\"(max-width: 800px) 100vw, 800px\" \/>\t\t\t\t\t\t\t\t<\/a>\n\t\t\t\t\t\t\t\t\t\t\t\t\t\t\t<\/div>\n\t\t\t\t<\/div>\n\t\t\t\t\t<\/div>\n\t\t<\/div>\n\t\t\t\t\t<\/div>\n\t\t<\/section>\n\t\t\t\t<section class=\"elementor-section elementor-inner-section elementor-element elementor-element-6a731dc elementor-section-full_width elementor-section-height-default elementor-section-height-default\" data-id=\"6a731dc\" data-element_type=\"section\">\n\t\t\t\t\t\t<div class=\"elementor-container elementor-column-gap-default\">\n\t\t\t\t\t<div class=\"elementor-column elementor-col-33 elementor-inner-column elementor-element elementor-element-bfcb9b2\" data-id=\"bfcb9b2\" data-element_type=\"column\">\n\t\t\t<div class=\"elementor-widget-wrap elementor-element-populated\">\n\t\t\t\t\t\t<div class=\"elementor-element elementor-element-4bf7a83 elementor-widget elementor-widget-image\" data-id=\"4bf7a83\" data-element_type=\"widget\" data-widget_type=\"image.default\">\n\t\t\t\t<div class=\"elementor-widget-container\">\n\t\t\t\t\t\t\t\t\t\t\t\t\t\t\t\t<a href=\"https:\/\/veracejundiai.com.br\/emporio\/wp-content\/uploads\/sites\/4\/2022\/02\/IMG_7449.jpg\" data-elementor-open-lightbox=\"yes\" data-elementor-lightbox-title=\"IMG_7449\" data-e-action-hash=\"#elementor-action%3Aaction%3Dlightbox%26settings%3DeyJpZCI6MTU5MSwidXJsIjoiaHR0cHM6XC9cL3ZlcmFjZWp1bmRpYWkuY29tLmJyXC9lbXBvcmlvXC93cC1jb250ZW50XC91cGxvYWRzXC9zaXRlc1wvNFwvMjAyMlwvMDJcL0lNR183NDQ5LmpwZyJ9\">\n\t\t\t\t\t\t\t<img loading=\"lazy\" decoding=\"async\" width=\"800\" height=\"640\" src=\"https:\/\/veracejundiai.com.br\/emporio\/wp-content\/uploads\/sites\/4\/2022\/02\/IMG_7449-1024x819.jpg\" class=\"attachment-large size-large wp-image-1591\" alt=\"\" srcset=\"https:\/\/veracejundiai.com.br\/emporio\/wp-content\/uploads\/sites\/4\/2022\/02\/IMG_7449-1024x819.jpg 1024w, https:\/\/veracejundiai.com.br\/emporio\/wp-content\/uploads\/sites\/4\/2022\/02\/IMG_7449-300x240.jpg 300w, https:\/\/veracejundiai.com.br\/emporio\/wp-content\/uploads\/sites\/4\/2022\/02\/IMG_7449-768x614.jpg 768w, https:\/\/veracejundiai.com.br\/emporio\/wp-content\/uploads\/sites\/4\/2022\/02\/IMG_7449-1536x1229.jpg 1536w, https:\/\/veracejundiai.com.br\/emporio\/wp-content\/uploads\/sites\/4\/2022\/02\/IMG_7449.jpg 2000w\" sizes=\"(max-width: 800px) 100vw, 800px\" \/>\t\t\t\t\t\t\t\t<\/a>\n\t\t\t\t\t\t\t\t\t\t\t\t\t\t\t<\/div>\n\t\t\t\t<\/div>\n\t\t\t\t\t<\/div>\n\t\t<\/div>\n\t\t\t\t<div class=\"elementor-column elementor-col-33 elementor-inner-column elementor-element elementor-element-88d17e5\" data-id=\"88d17e5\" data-element_type=\"column\">\n\t\t\t<div class=\"elementor-widget-wrap elementor-element-populated\">\n\t\t\t\t\t\t<div class=\"elementor-element elementor-element-38140e6 elementor-widget elementor-widget-image\" data-id=\"38140e6\" data-element_type=\"widget\" data-widget_type=\"image.default\">\n\t\t\t\t<div class=\"elementor-widget-container\">\n\t\t\t\t\t\t\t\t\t\t\t\t\t\t\t\t<a href=\"https:\/\/veracejundiai.com.br\/emporio\/wp-content\/uploads\/sites\/4\/2022\/02\/IMG_7425.jpg\" data-elementor-open-lightbox=\"yes\" data-elementor-lightbox-title=\"IMG_7425\" data-e-action-hash=\"#elementor-action%3Aaction%3Dlightbox%26settings%3DeyJpZCI6MTU5MywidXJsIjoiaHR0cHM6XC9cL3ZlcmFjZWp1bmRpYWkuY29tLmJyXC9lbXBvcmlvXC93cC1jb250ZW50XC91cGxvYWRzXC9zaXRlc1wvNFwvMjAyMlwvMDJcL0lNR183NDI1LmpwZyJ9\">\n\t\t\t\t\t\t\t<img decoding=\"async\" src=\"https:\/\/veracejundiai.com.br\/emporio\/wp-content\/uploads\/sites\/4\/2022\/02\/IMG_7425.jpg\" title=\"IMG_7425\" alt=\"IMG_7425\" loading=\"lazy\" \/>\t\t\t\t\t\t\t\t<\/a>\n\t\t\t\t\t\t\t\t\t\t\t\t\t\t\t<\/div>\n\t\t\t\t<\/div>\n\t\t\t\t\t<\/div>\n\t\t<\/div>\n\t\t\t\t<div class=\"elementor-column elementor-col-33 elementor-inner-column elementor-element elementor-element-bbfde40\" data-id=\"bbfde40\" data-element_type=\"column\">\n\t\t\t<div class=\"elementor-widget-wrap elementor-element-populated\">\n\t\t\t\t\t\t<div class=\"elementor-element elementor-element-4f55f4d elementor-widget elementor-widget-image\" data-id=\"4f55f4d\" data-element_type=\"widget\" data-widget_type=\"image.default\">\n\t\t\t\t<div class=\"elementor-widget-container\">\n\t\t\t\t\t\t\t\t\t\t\t\t\t\t\t\t<a href=\"https:\/\/veracejundiai.com.br\/emporio\/wp-content\/uploads\/sites\/4\/2022\/02\/IMG_7941.jpg\" data-elementor-open-lightbox=\"yes\" data-elementor-lightbox-title=\"IMG_7941\" data-e-action-hash=\"#elementor-action%3Aaction%3Dlightbox%26settings%3DeyJpZCI6MTU4OSwidXJsIjoiaHR0cHM6XC9cL3ZlcmFjZWp1bmRpYWkuY29tLmJyXC9lbXBvcmlvXC93cC1jb250ZW50XC91cGxvYWRzXC9zaXRlc1wvNFwvMjAyMlwvMDJcL0lNR183OTQxLmpwZyJ9\">\n\t\t\t\t\t\t\t<img loading=\"lazy\" decoding=\"async\" width=\"800\" height=\"640\" src=\"https:\/\/veracejundiai.com.br\/emporio\/wp-content\/uploads\/sites\/4\/2022\/02\/IMG_7941-1024x819.jpg\" class=\"attachment-large size-large wp-image-1589\" alt=\"\" srcset=\"https:\/\/veracejundiai.com.br\/emporio\/wp-content\/uploads\/sites\/4\/2022\/02\/IMG_7941-1024x819.jpg 1024w, https:\/\/veracejundiai.com.br\/emporio\/wp-content\/uploads\/sites\/4\/2022\/02\/IMG_7941-300x240.jpg 300w, https:\/\/veracejundiai.com.br\/emporio\/wp-content\/uploads\/sites\/4\/2022\/02\/IMG_7941-768x614.jpg 768w, https:\/\/veracejundiai.com.br\/emporio\/wp-content\/uploads\/sites\/4\/2022\/02\/IMG_7941-1536x1229.jpg 1536w, https:\/\/veracejundiai.com.br\/emporio\/wp-content\/uploads\/sites\/4\/2022\/02\/IMG_7941.jpg 2000w\" sizes=\"(max-width: 800px) 100vw, 800px\" \/>\t\t\t\t\t\t\t\t<\/a>\n\t\t\t\t\t\t\t\t\t\t\t\t\t\t\t<\/div>\n\t\t\t\t<\/div>\n\t\t\t\t\t<\/div>\n\t\t<\/div>\n\t\t\t\t\t<\/div>\n\t\t<\/section>\n\t\t\t\t\t<\/div>\n\t\t<\/div>\n\t\t\t\t\t<\/div>\n\t\t<\/section>\n\t\t\t\t<section class=\"elementor-section elementor-top-section elementor-element elementor-element-88f0164 elementor-section-boxed elementor-section-height-default elementor-section-height-default\" data-id=\"88f0164\" data-element_type=\"section\">\n\t\t\t\t\t\t<div class=\"elementor-container elementor-column-gap-default\">\n\t\t\t\t\t<div class=\"elementor-column elementor-col-100 elementor-top-column elementor-element elementor-element-bba89da\" data-id=\"bba89da\" data-element_type=\"column\">\n\t\t\t<div class=\"elementor-widget-wrap elementor-element-populated\">\n\t\t\t\t\t\t<div class=\"elementor-element elementor-element-bbd4491 elementor-widget elementor-widget-image-carousel\" data-id=\"bbd4491\" data-element_type=\"widget\" data-settings=\"{&quot;slides_to_show&quot;:&quot;4&quot;,&quot;slides_to_scroll&quot;:&quot;1&quot;,&quot;navigation&quot;:&quot;none&quot;,&quot;slides_to_show_tablet&quot;:&quot;3&quot;,&quot;autoplay&quot;:&quot;yes&quot;,&quot;pause_on_hover&quot;:&quot;yes&quot;,&quot;pause_on_interaction&quot;:&quot;yes&quot;,&quot;autoplay_speed&quot;:5000,&quot;infinite&quot;:&quot;yes&quot;,&quot;speed&quot;:500}\" data-widget_type=\"image-carousel.default\">\n\t\t\t\t<div class=\"elementor-widget-container\">\n\t\t\t\t\t\t\t<div class=\"elementor-image-carousel-wrapper swiper\" role=\"region\" aria-roledescription=\"carousel\" aria-label=\"Carrossel de imagens\" dir=\"ltr\">\n\t\t\t<div class=\"elementor-image-carousel swiper-wrapper\" aria-live=\"off\">\n\t\t\t\t\t\t\t\t<div class=\"swiper-slide\" role=\"group\" aria-roledescription=\"slide\" aria-label=\"1 de 5\"><figure class=\"swiper-slide-inner\"><img decoding=\"async\" class=\"swiper-slide-image\" src=\"https:\/\/veracejundiai.com.br\/emporio\/wp-content\/uploads\/sites\/4\/2022\/02\/certificado_2011.jpg\" alt=\"certificado_2011\" \/><\/figure><\/div><div class=\"swiper-slide\" role=\"group\" aria-roledescription=\"slide\" aria-label=\"2 de 5\"><figure class=\"swiper-slide-inner\"><img decoding=\"async\" class=\"swiper-slide-image\" src=\"https:\/\/veracejundiai.com.br\/emporio\/wp-content\/uploads\/sites\/4\/2022\/02\/certificado_2013.jpg\" alt=\"certificado_2013\" \/><\/figure><\/div><div class=\"swiper-slide\" role=\"group\" aria-roledescription=\"slide\" aria-label=\"3 de 5\"><figure class=\"swiper-slide-inner\"><img decoding=\"async\" class=\"swiper-slide-image\" src=\"https:\/\/veracejundiai.com.br\/emporio\/wp-content\/uploads\/sites\/4\/2022\/02\/certificado_2014.jpg\" alt=\"certificado_2014\" \/><\/figure><\/div><div class=\"swiper-slide\" role=\"group\" aria-roledescription=\"slide\" aria-label=\"4 de 5\"><figure class=\"swiper-slide-inner\"><img decoding=\"async\" class=\"swiper-slide-image\" src=\"https:\/\/veracejundiai.com.br\/emporio\/wp-content\/uploads\/sites\/4\/2022\/02\/certificado_2015.jpg\" alt=\"certificado_2015\" \/><\/figure><\/div><div class=\"swiper-slide\" role=\"group\" aria-roledescription=\"slide\" aria-label=\"5 de 5\"><figure class=\"swiper-slide-inner\"><img decoding=\"async\" class=\"swiper-slide-image\" src=\"https:\/\/veracejundiai.com.br\/emporio\/wp-content\/uploads\/sites\/4\/2022\/02\/certificado_2016.jpg\" alt=\"certificado_2016\" \/><\/figure><\/div>\t\t\t<\/div>\n\t\t\t\t\t\t\t\n\t\t\t\t\t\t\t\t\t<\/div>\n\t\t\t\t\t\t<\/div>\n\t\t\t\t<\/div>\n\t\t\t\t\t<\/div>\n\t\t<\/div>\n\t\t\t\t\t<\/div>\n\t\t<\/section>\n\t\t\t\t<\/div>\n\t\t","protected":false},"excerpt":{"rendered":"<p>Conhe\u00e7a Nossa Hist\u00f3ria Dos p\u00e3es de fermenta\u00e7\u00e3o natural aos doces, passando pelas massas, azeites, vinhos e drinks, procuramos sempre oferecer qualidade, frescor e carinho em nosso menu. O Verace Emp\u00f3rio \u00e9 o lugar ideal para voc\u00ea saborear a tradi\u00e7\u00e3o italiana, com uma variedade de produtos importados, que oferecem a sensa\u00e7\u00e3o de frescor e refinamento. No [&hellip;]<\/p>\n","protected":false},"author":1,"featured_media":0,"parent":0,"menu_order":0,"comment_status":"closed","ping_status":"closed","template":"template\/full-width-template.php","meta":{"footnotes":""},"class_list":["post-842","page","type-page","status-publish","hentry"],"aioseo_notices":[],"_links":{"self":[{"href":"https:\/\/veracejundiai.com.br\/emporio\/wp-json\/wp\/v2\/pages\/842","targetHints":{"allow":["GET"]}}],"collection":[{"href":"https:\/\/veracejundiai.com.br\/emporio\/wp-json\/wp\/v2\/pages"}],"about":[{"href":"https:\/\/veracejundiai.com.br\/emporio\/wp-json\/wp\/v2\/types\/page"}],"author":[{"embeddable":true,"href":"https:\/\/veracejundiai.com.br\/emporio\/wp-json\/wp\/v2\/users\/1"}],"replies":[{"embeddable":true,"href":"https:\/\/veracejundiai.com.br\/emporio\/wp-json\/wp\/v2\/comments?post=842"}],"version-history":[{"count":19,"href":"https:\/\/veracejundiai.com.br\/emporio\/wp-json\/wp\/v2\/pages\/842\/revisions"}],"predecessor-version":[{"id":1675,"href":"https:\/\/veracejundiai.com.br\/emporio\/wp-json\/wp\/v2\/pages\/842\/revisions\/1675"}],"wp:attachment":[{"href":"https:\/\/veracejundiai.com.br\/emporio\/wp-json\/wp\/v2\/media?parent=842"}],"curies":[{"name":"wp","href":"https:\/\/api.w.org\/{rel}","templated":true}]}}