{"id":1733,"date":"2022-02-02T13:20:19","date_gmt":"2022-02-02T16:20:19","guid":{"rendered":"https:\/\/veracejundiai.com.br\/napoletana\/?page_id=1733"},"modified":"2025-06-16T11:20:24","modified_gmt":"2025-06-16T14:20:24","slug":"cardapio","status":"publish","type":"page","link":"https:\/\/veracejundiai.com.br\/napoletana\/cardapio\/","title":{"rendered":"Cardapio"},"content":{"rendered":"\t\t<div data-elementor-type=\"wp-page\" data-elementor-id=\"1733\" class=\"elementor elementor-1733\">\n\t\t\t\t\t\t<section class=\"elementor-section elementor-top-section elementor-element elementor-element-337374b elementor-section-boxed elementor-section-height-default elementor-section-height-default\" data-id=\"337374b\" data-element_type=\"section\" data-settings=\"{&quot;background_background&quot;:&quot;classic&quot;}\">\n\t\t\t\t\t\t\t<div class=\"elementor-background-overlay\"><\/div>\n\t\t\t\t\t\t\t<div class=\"elementor-container elementor-column-gap-default\">\n\t\t\t\t\t<div class=\"elementor-column elementor-col-100 elementor-top-column elementor-element elementor-element-6746190\" data-id=\"6746190\" data-element_type=\"column\">\n\t\t\t<div class=\"elementor-widget-wrap elementor-element-populated\">\n\t\t\t\t\t\t<div class=\"elementor-element elementor-element-9aab879 elementor-widget elementor-widget-delicios-title\" data-id=\"9aab879\" data-element_type=\"widget\" data-widget_type=\"delicios-title.default\">\n\t\t\t\t<div class=\"elementor-widget-container\">\n\t\t\t\t\t\n   <div class=\"ts-section-title title-\">\n      <h2 class=\"section-title title-border\">\n        Nosso <span>Card\u00e1pio<\/span>     <\/h2>\n            \t\t\t\n   <\/div>\n    \n    \t\t\t\t<\/div>\n\t\t\t\t<\/div>\n\t\t\t\t<div class=\"elementor-element elementor-element-1d0819c elementor-widget elementor-widget-delicios-food-menu\" data-id=\"1d0819c\" data-element_type=\"widget\" data-widget_type=\"delicios-food-menu.default\">\n\t\t\t\t<div class=\"elementor-widget-container\">\n\t\t\t\t\t            \n                          <div class=\"row ts-tab-menu\">\n                 <div class=\"col d-flex justify-content-center\">\n                     <ul class=\"nav nav-menu-tabs\" role=\"tablist\">\n                                                \n                           <li>\n                               <a class=\" active show \" data-toggle=\"tab\" href=\"#1d0819c-196\" role=\"tab\" aria-controls=\"Entradas\" aria-selected=\"true\">  <i class=''><\/i> Entradas<\/a>\n                           <\/li>\n                           \n                                                \n                           <li>\n                               <a class=\"  \" data-toggle=\"tab\" href=\"#1d0819c-214\" role=\"tab\" aria-controls=\"Pizzas\" aria-selected=\"true\">  <i class=''><\/i> Pizzas<\/a>\n                           <\/li>\n                           \n                                                \n                           <li>\n                               <a class=\"  \" data-toggle=\"tab\" href=\"#1d0819c-1861\" role=\"tab\" aria-controls=\"Pizzas Napoletanas\" aria-selected=\"true\">  <i class=''><\/i> Pizzas Napoletanas<\/a>\n                           <\/li>\n                           \n                                                \n                           <li>\n                               <a class=\"  \" data-toggle=\"tab\" href=\"#1d0819c-1863\" role=\"tab\" aria-controls=\"Pizzas Doces\" aria-selected=\"true\">  <i class=''><\/i> Pizzas Doces<\/a>\n                           <\/li>\n                           \n                                                \n                           <li>\n                               <a class=\"  \" data-toggle=\"tab\" href=\"#1d0819c-234\" role=\"tab\" aria-controls=\"Sobremesas\" aria-selected=\"true\">  <i class=''><\/i> Sobremesas<\/a>\n                           <\/li>\n                           \n                                                \n                           <li>\n                               <a class=\"  \" data-toggle=\"tab\" href=\"#1d0819c-236\" role=\"tab\" aria-controls=\"Azeite\" aria-selected=\"true\">  <i class=''><\/i> Azeite<\/a>\n                           <\/li>\n                           \n                                                \n                           <li>\n                               <a class=\"  \" data-toggle=\"tab\" href=\"#1d0819c-235\" role=\"tab\" aria-controls=\"Bebidas\" aria-selected=\"true\">  <i class=''><\/i> Bebidas<\/a>\n                           <\/li>\n                           \n                                             <\/ul>\n                  <\/div>\n               <\/div>\n             \n         <div class=\"tab-content\">\n                                  <div id=\"1d0819c-196\" class=\"container tab-pane active\">\n               \n            <div class=\"row menu-section\"> \n                           <\/div>\n\n            <\/div>\n           \n                                  <div id=\"1d0819c-214\" class=\"container tab-pane \">\n               \n            <div class=\"row menu-section\"> \n                           <\/div>\n\n            <\/div>\n           \n                                  <div id=\"1d0819c-1861\" class=\"container tab-pane \">\n               \n            <div class=\"row menu-section\"> \n                           <\/div>\n\n            <\/div>\n           \n                                  <div id=\"1d0819c-1863\" class=\"container tab-pane \">\n               \n            <div class=\"row menu-section\"> \n                           <\/div>\n\n            <\/div>\n           \n                                  <div id=\"1d0819c-234\" class=\"container tab-pane \">\n               \n            <div class=\"row menu-section\"> \n                           <\/div>\n\n            <\/div>\n           \n                                  <div id=\"1d0819c-236\" class=\"container tab-pane \">\n               \n            <div class=\"row menu-section\"> \n                           <\/div>\n\n            <\/div>\n           \n                                  <div id=\"1d0819c-235\" class=\"container tab-pane \">\n               \n            <div class=\"row menu-section\"> \n                           <\/div>\n\n            <\/div>\n           \n            \n         <\/div>\n                   \n           \n      \t\t\t\t<\/div>\n\t\t\t\t<\/div>\n\t\t\t\t\t<\/div>\n\t\t<\/div>\n\t\t\t\t\t<\/div>\n\t\t<\/section>\n\t\t\t\t<section class=\"elementor-section elementor-top-section elementor-element elementor-element-6696b3e elementor-section-full_width elementor-section-height-default elementor-section-height-default\" data-id=\"6696b3e\" data-element_type=\"section\">\n\t\t\t\t\t\t<div class=\"elementor-container elementor-column-gap-no\">\n\t\t\t\t\t<div class=\"elementor-column elementor-col-100 elementor-top-column elementor-element elementor-element-ca30ff9\" data-id=\"ca30ff9\" data-element_type=\"column\">\n\t\t\t<div class=\"elementor-widget-wrap\">\n\t\t\t\t\t\t\t<\/div>\n\t\t<\/div>\n\t\t\t\t\t<\/div>\n\t\t<\/section>\n\t\t\t\t<section class=\"elementor-section elementor-top-section elementor-element elementor-element-4b1ec22 elementor-section-boxed elementor-section-height-default elementor-section-height-default\" data-id=\"4b1ec22\" data-element_type=\"section\" data-settings=\"{&quot;background_background&quot;:&quot;classic&quot;}\">\n\t\t\t\t\t\t\t<div class=\"elementor-background-overlay\"><\/div>\n\t\t\t\t\t\t\t<div class=\"elementor-container elementor-column-gap-default\">\n\t\t\t\t\t<div class=\"elementor-column elementor-col-50 elementor-top-column elementor-element elementor-element-02d4321 elementor-invisible\" data-id=\"02d4321\" data-element_type=\"column\" data-settings=\"{&quot;animation&quot;:&quot;fadeInUp&quot;,&quot;animation_delay&quot;:400}\">\n\t\t\t<div class=\"elementor-widget-wrap elementor-element-populated\">\n\t\t\t\t\t\t<div class=\"elementor-element elementor-element-20a5a4d elementor-widget elementor-widget-heading\" data-id=\"20a5a4d\" data-element_type=\"widget\" data-widget_type=\"heading.default\">\n\t\t\t\t<div class=\"elementor-widget-container\">\n\t\t\t\t\t<h2 class=\"elementor-heading-title elementor-size-default\">O sabor da It\u00e1lia diretamente na sua casa!<\/h2>\t\t\t\t<\/div>\n\t\t\t\t<\/div>\n\t\t\t\t\t<\/div>\n\t\t<\/div>\n\t\t\t\t<div class=\"elementor-column elementor-col-50 elementor-top-column elementor-element elementor-element-b14e4f2 elementor-invisible\" data-id=\"b14e4f2\" data-element_type=\"column\" data-settings=\"{&quot;animation&quot;:&quot;fadeInUp&quot;,&quot;animation_delay&quot;:450}\">\n\t\t\t<div class=\"elementor-widget-wrap elementor-element-populated\">\n\t\t\t\t\t\t<div class=\"elementor-element elementor-element-3ab9d95 elementor-align-center elementor-tablet-align-center elementor-widget elementor-widget-button\" data-id=\"3ab9d95\" data-element_type=\"widget\" data-widget_type=\"button.default\">\n\t\t\t\t<div class=\"elementor-widget-container\">\n\t\t\t\t\t\t\t\t\t<div class=\"elementor-button-wrapper\">\n\t\t\t\t\t<a class=\"elementor-button elementor-button-link elementor-size-md\" href=\"https:\/\/www.ifood.com.br\/delivery\/jundiai-sp\/verace-napoletana-patio-do-colegio\/d21e966f-fcf3-4355-8774-8c717840e0cb\" target=\"_blank\">\n\t\t\t\t\t\t<span class=\"elementor-button-content-wrapper\">\n\t\t\t\t\t\t\t\t\t<span class=\"elementor-button-text\">PE\u00c7A AGORA!<\/span>\n\t\t\t\t\t<\/span>\n\t\t\t\t\t<\/a>\n\t\t\t\t<\/div>\n\t\t\t\t\t\t\t\t<\/div>\n\t\t\t\t<\/div>\n\t\t\t\t\t<\/div>\n\t\t<\/div>\n\t\t\t\t\t<\/div>\n\t\t<\/section>\n\t\t\t\t<\/div>\n\t\t","protected":false},"excerpt":{"rendered":"<p>Nosso Card\u00e1pio Bebidas Azeite Sobremesas Pizzas Doces Pizzas Napoletanas Pizzas Entradas Refrigerante R$ 8,9 Turba\u00edna Ferr\u00e1spari Tradicional R$ 8,9 Suco de Uva Natural R$ 16,9 H2Oh! Lim\u00e3o\/Limoneto R$ 9,9 \u00c1gua sem G\u00e1s R$ 8,9 \u00c1gua com G\u00e1s R$ 8,9 \u00c1gua T\u00f4nica R$ 8,9 \u00c1gua San Pellegrino com G\u00e1s 500ml (Italiana) R$ 28 \u00c1gua Panna sem [&hellip;]<\/p>\n","protected":false},"author":1,"featured_media":0,"parent":0,"menu_order":0,"comment_status":"closed","ping_status":"closed","template":"template\/full-width-template.php","meta":{"footnotes":""},"class_list":["post-1733","page","type-page","status-publish","hentry"],"aioseo_notices":[],"_links":{"self":[{"href":"https:\/\/veracejundiai.com.br\/napoletana\/wp-json\/wp\/v2\/pages\/1733","targetHints":{"allow":["GET"]}}],"collection":[{"href":"https:\/\/veracejundiai.com.br\/napoletana\/wp-json\/wp\/v2\/pages"}],"about":[{"href":"https:\/\/veracejundiai.com.br\/napoletana\/wp-json\/wp\/v2\/types\/page"}],"author":[{"embeddable":true,"href":"https:\/\/veracejundiai.com.br\/napoletana\/wp-json\/wp\/v2\/users\/1"}],"replies":[{"embeddable":true,"href":"https:\/\/veracejundiai.com.br\/napoletana\/wp-json\/wp\/v2\/comments?post=1733"}],"version-history":[{"count":18,"href":"https:\/\/veracejundiai.com.br\/napoletana\/wp-json\/wp\/v2\/pages\/1733\/revisions"}],"predecessor-version":[{"id":2042,"href":"https:\/\/veracejundiai.com.br\/napoletana\/wp-json\/wp\/v2\/pages\/1733\/revisions\/2042"}],"wp:attachment":[{"href":"https:\/\/veracejundiai.com.br\/napoletana\/wp-json\/wp\/v2\/media?parent=1733"}],"curies":[{"name":"wp","href":"https:\/\/api.w.org\/{rel}","templated":true}]}}